{"id":31883,"date":"2024-11-19T10:57:03","date_gmt":"2024-11-19T09:57:03","guid":{"rendered":"https:\/\/www.pietrantica.it\/?post_type=product&#038;p=31883"},"modified":"2024-11-19T11:03:37","modified_gmt":"2024-11-19T10:03:37","slug":"antinori","status":"publish","type":"product","link":"https:\/\/www.pietrantica.it\/de\/Produkt\/antinori\/","title":{"rendered":"Marchesi Antinori &#8211; Blanc de Blancs &#8211; franciacorta DOCG"},"content":{"rendered":"<p><a href=\"https:\/\/www.pietrantica.it\/wp-content\/uploads\/2024\/11\/MARCHESI-ANTINORI-BLANC-DE-BLANCS-FRANCIACORTA-DOCG.pdf\" target=\"\u201d_blank\u201d\" rel=\"noopener noreferrer\"><img loading=\"lazy\" class=\"wp-image-20284 alignleft\" src=\"\/wp-content\/uploads\/2020\/05\/pdf-icon.png\" alt=\"\" width=\"22\" height=\"28\" srcset=\"https:\/\/www.pietrantica.it\/wp-content\/uploads\/2020\/05\/pdf-icon-200x262.png 200w, https:\/\/www.pietrantica.it\/wp-content\/uploads\/2020\/05\/pdf-icon-229x300.png 229w, https:\/\/www.pietrantica.it\/wp-content\/uploads\/2020\/05\/pdf-icon.png 305w\" sizes=\"(max-width: 22px) 100vw, 22px\" \/><\/a>Datenblatt<\/p>\n","protected":false},"excerpt":{"rendered":"<p style=\"text-align: justify;\"><strong>6-Liter-Flasche<\/strong><\/p>\n<p style=\"text-align: justify;\"><strong>Rebsorte: <\/strong>Chardonnay + Pinot Blanc<\/p>\n<p style=\"text-align: justify;\">Der Marchese Antinori Blanc de Blancs wird aus den besten Chardonnay-Trauben und in einigen F\u00e4llen aus einem kleinen Anteil Pinot Bianco hergestellt, um eine elegante Cuv\u00e9e mit raffinierter Frische zu erhalten. Der lange Aufenthalt auf der Hefe verleiht dem Wein ein lebendiges, blumiges und fruchtiges Profil mit gro\u00dfer Ausgewogenheit und Finesse.<\/p>\n<p style=\"text-align: justify;\">Die erste alkoholische G\u00e4rung des Bl\u00fctenmostes erfolgt in Edelstahltanks. Die zweite G\u00e4rung in der Flasche in Kontakt mit den Hefen fand w\u00e4hrend der folgenden 24 Monate statt.<\/p>\n","protected":false},"featured_media":31886,"comment_status":"open","ping_status":"closed","template":"","meta":{"_monsterinsights_skip_tracking":false,"_monsterinsights_sitenote_active":false,"_monsterinsights_sitenote_note":"","_monsterinsights_sitenote_category":0},"_links":{"self":[{"href":"https:\/\/www.pietrantica.it\/de\/wp-json\/wp\/v2\/product\/31883"}],"collection":[{"href":"https:\/\/www.pietrantica.it\/de\/wp-json\/wp\/v2\/product"}],"about":[{"href":"https:\/\/www.pietrantica.it\/de\/wp-json\/wp\/v2\/types\/product"}],"replies":[{"embeddable":true,"href":"https:\/\/www.pietrantica.it\/de\/wp-json\/wp\/v2\/comments?post=31883"}],"wp:featuredmedia":[{"embeddable":true,"href":"https:\/\/www.pietrantica.it\/de\/wp-json\/wp\/v2\/media\/31886"}],"wp:attachment":[{"href":"https:\/\/www.pietrantica.it\/de\/wp-json\/wp\/v2\/media?parent=31883"}],"curies":[{"name":"wp","href":"https:\/\/api.w.org\/{rel}","templated":true}]}}