{"id":31252,"date":"2021-06-22T15:27:56","date_gmt":"2021-06-22T13:27:56","guid":{"rendered":"https:\/\/www.pietrantica.it\/prodotto\/ca-del-bosco-rose-franciacorta-cuvee-prestige\/"},"modified":"2022-04-04T11:57:37","modified_gmt":"2022-04-04T09:57:37","slug":"ca-del-bosco-rose-franciacorta-cuvee-prestige","status":"publish","type":"product","link":"https:\/\/www.pietrantica.it\/de\/Produkt\/ca-del-bosco-rose-franciacorta-cuvee-prestige\/","title":{"rendered":"C\u00e0 del Bosco Ros\u00e9, Franciacorta Cuve\u00e9 Prestige"},"content":{"rendered":"<p><a href=\"#\" target=\"\u201d_blank\u201d\" rel=\"noopener noreferrer\"><img loading=\"lazy\" class=\"wp-image-20284 alignleft\" src=\"\/wp-content\/uploads\/2020\/05\/pdf-icon.png\" alt=\"\" width=\"22\" height=\"28\" srcset=\"https:\/\/www.pietrantica.it\/wp-content\/uploads\/2020\/05\/pdf-icon-200x262.png 200w, https:\/\/www.pietrantica.it\/wp-content\/uploads\/2020\/05\/pdf-icon-229x300.png 229w, https:\/\/www.pietrantica.it\/wp-content\/uploads\/2020\/05\/pdf-icon.png 305w\" sizes=\"(max-width: 22px) 100vw, 22px\" \/><\/a> Scheda tecnica<\/p>\n","protected":false},"excerpt":{"rendered":"<p style=\"text-align: justify;\">Franciacorta Cuv\u00e9e Ros\u00e9 regala una magia in bilico tra due sfumature.<br \/>\nIl colore ros\u00e9 si ottiene grazie ad una breve macerazione delle uve rosse di Pinot Nero.<br \/>\nSuccessivamente, il delicato incontro con le uve bianche di Chardonnay ed una lenta e paziente maturazione.<br \/>\nDa qui nasce il Cuv\u00e9e Prestige Ros\u00e8, il franciacorta ideale per le occasioni pi\u00f9 importanti, e romantiche.<\/p>\n","protected":false},"featured_media":29926,"comment_status":"open","ping_status":"closed","template":"","meta":{"_monsterinsights_skip_tracking":false,"_monsterinsights_sitenote_active":false,"_monsterinsights_sitenote_note":"","_monsterinsights_sitenote_category":0},"_links":{"self":[{"href":"https:\/\/www.pietrantica.it\/de\/wp-json\/wp\/v2\/product\/31252"}],"collection":[{"href":"https:\/\/www.pietrantica.it\/de\/wp-json\/wp\/v2\/product"}],"about":[{"href":"https:\/\/www.pietrantica.it\/de\/wp-json\/wp\/v2\/types\/product"}],"replies":[{"embeddable":true,"href":"https:\/\/www.pietrantica.it\/de\/wp-json\/wp\/v2\/comments?post=31252"}],"wp:featuredmedia":[{"embeddable":true,"href":"https:\/\/www.pietrantica.it\/de\/wp-json\/wp\/v2\/media\/29926"}],"wp:attachment":[{"href":"https:\/\/www.pietrantica.it\/de\/wp-json\/wp\/v2\/media?parent=31252"}],"curies":[{"name":"wp","href":"https:\/\/api.w.org\/{rel}","templated":true}]}}