{"id":31232,"date":"2021-06-22T16:04:25","date_gmt":"2021-06-22T14:04:25","guid":{"rendered":"https:\/\/www.pietrantica.it\/prodotto\/valdo-floral-edition-valdobbiadene-prosecco-rose-brut\/"},"modified":"2023-03-23T17:30:34","modified_gmt":"2023-03-23T16:30:34","slug":"valdo-floral-edition-valdobbiadene-prosecco-rose-brut","status":"publish","type":"product","link":"https:\/\/www.pietrantica.it\/de\/Produkt\/valdo-floral-edition-valdobbiadene-prosecco-rose-brut\/","title":{"rendered":"Valdo Paradise Edition, Valdobbiadene Prosecco Ros\u00e9 Brut"},"content":{"rendered":"<p><a href=\"#\" target=\"\u201d_blank\u201d\" rel=\"noopener noreferrer\"><img loading=\"lazy\" class=\"wp-image-20284 alignleft\" src=\"\/wp-content\/uploads\/2020\/05\/pdf-icon.png\" alt=\"\" width=\"22\" height=\"28\" srcset=\"https:\/\/www.pietrantica.it\/wp-content\/uploads\/2020\/05\/pdf-icon-200x262.png 200w, https:\/\/www.pietrantica.it\/wp-content\/uploads\/2020\/05\/pdf-icon-229x300.png 229w, https:\/\/www.pietrantica.it\/wp-content\/uploads\/2020\/05\/pdf-icon.png 305w\" sizes=\"(max-width: 22px) 100vw, 22px\" \/><\/a> Scheda tecnica<\/p>\n","protected":false},"excerpt":{"rendered":"<p style=\"text-align: justify\">Paradise Ros\u00e8 Brut \u00e8 un prodotto intrigante, giovane, di tendenza, dal colore accattivante e dalla spiccata personalit\u00e0.<br \/>\nIl fine perlage di bollicine rotonde solletica, il sapore morbido e caldo soddisfa l\u2019aroma fruttato delizia il turbinio di sensazioni che questo eccellente Ros\u00e8,<br \/>\nuscito dalla scuola Valdo, riesce ad esprimere \u00e8 di pura piacevolezza.<\/p>\n","protected":false},"featured_media":30000,"comment_status":"open","ping_status":"closed","template":"","meta":{"_monsterinsights_skip_tracking":false,"_monsterinsights_sitenote_active":false,"_monsterinsights_sitenote_note":"","_monsterinsights_sitenote_category":0},"_links":{"self":[{"href":"https:\/\/www.pietrantica.it\/de\/wp-json\/wp\/v2\/product\/31232"}],"collection":[{"href":"https:\/\/www.pietrantica.it\/de\/wp-json\/wp\/v2\/product"}],"about":[{"href":"https:\/\/www.pietrantica.it\/de\/wp-json\/wp\/v2\/types\/product"}],"replies":[{"embeddable":true,"href":"https:\/\/www.pietrantica.it\/de\/wp-json\/wp\/v2\/comments?post=31232"}],"wp:featuredmedia":[{"embeddable":true,"href":"https:\/\/www.pietrantica.it\/de\/wp-json\/wp\/v2\/media\/30000"}],"wp:attachment":[{"href":"https:\/\/www.pietrantica.it\/de\/wp-json\/wp\/v2\/media?parent=31232"}],"curies":[{"name":"wp","href":"https:\/\/api.w.org\/{rel}","templated":true}]}}