{"id":31229,"date":"2021-06-22T16:10:54","date_gmt":"2021-06-22T14:10:54","guid":{"rendered":"https:\/\/www.pietrantica.it\/prodotto\/valdo-rose\/"},"modified":"2024-03-06T09:55:03","modified_gmt":"2024-03-06T08:55:03","slug":"valdo-rose","status":"publish","type":"product","link":"https:\/\/www.pietrantica.it\/de\/Produkt\/valdo-rose\/","title":{"rendered":"Valdo, Ros\u00e9"},"content":{"rendered":"<p><a href=\"#\" target=\"\u201d_blank\u201d\" rel=\"noopener noreferrer\"><img loading=\"lazy\" class=\"wp-image-20284 alignleft\" src=\"\/wp-content\/uploads\/2020\/05\/pdf-icon.png\" alt=\"\" width=\"22\" height=\"28\" srcset=\"https:\/\/www.pietrantica.it\/wp-content\/uploads\/2020\/05\/pdf-icon-200x262.png 200w, https:\/\/www.pietrantica.it\/wp-content\/uploads\/2020\/05\/pdf-icon-229x300.png 229w, https:\/\/www.pietrantica.it\/wp-content\/uploads\/2020\/05\/pdf-icon.png 305w\" sizes=\"(max-width: 22px) 100vw, 22px\" \/><\/a> Scheda tecnica<\/p>\n","protected":false},"excerpt":{"rendered":"<p style=\"text-align: justify\">Frutto di una sapiente ed accurata selezione di uve provenienti dalle migliori zone viticole a vocazione spumantistica.<br \/>\nRos\u00e8 Brut Marca Oro \u00e8 un prodotto intrigante, giovane, di tendenza, dal colore accattivante e dalla spiccata personalit\u00e0.<\/p>\n","protected":false},"featured_media":30007,"comment_status":"open","ping_status":"closed","template":"","meta":{"_monsterinsights_skip_tracking":false,"_monsterinsights_sitenote_active":false,"_monsterinsights_sitenote_note":"","_monsterinsights_sitenote_category":0},"_links":{"self":[{"href":"https:\/\/www.pietrantica.it\/de\/wp-json\/wp\/v2\/product\/31229"}],"collection":[{"href":"https:\/\/www.pietrantica.it\/de\/wp-json\/wp\/v2\/product"}],"about":[{"href":"https:\/\/www.pietrantica.it\/de\/wp-json\/wp\/v2\/types\/product"}],"replies":[{"embeddable":true,"href":"https:\/\/www.pietrantica.it\/de\/wp-json\/wp\/v2\/comments?post=31229"}],"wp:featuredmedia":[{"embeddable":true,"href":"https:\/\/www.pietrantica.it\/de\/wp-json\/wp\/v2\/media\/30007"}],"wp:attachment":[{"href":"https:\/\/www.pietrantica.it\/de\/wp-json\/wp\/v2\/media?parent=31229"}],"curies":[{"name":"wp","href":"https:\/\/api.w.org\/{rel}","templated":true}]}}