{"id":31227,"date":"2021-06-22T16:32:26","date_gmt":"2021-06-22T14:32:26","guid":{"rendered":"https:\/\/www.pietrantica.it\/prodotto\/palmes-dor-brut\/"},"modified":"2023-02-23T12:03:26","modified_gmt":"2023-02-23T11:03:26","slug":"palmes-dor-brut","status":"publish","type":"product","link":"https:\/\/www.pietrantica.it\/de\/Produkt\/palmes-dor-brut\/","title":{"rendered":"Palmes d&#8217;Or Brut"},"content":{"rendered":"<p><a href=\"#\" target=\"\u201d_blank\u201d\" rel=\"noopener noreferrer\"><img loading=\"lazy\" class=\"wp-image-20284 alignleft\" src=\"\/wp-content\/uploads\/2020\/05\/pdf-icon.png\" alt=\"\" width=\"22\" height=\"28\" srcset=\"https:\/\/www.pietrantica.it\/wp-content\/uploads\/2020\/05\/pdf-icon-200x262.png 200w, https:\/\/www.pietrantica.it\/wp-content\/uploads\/2020\/05\/pdf-icon-229x300.png 229w, https:\/\/www.pietrantica.it\/wp-content\/uploads\/2020\/05\/pdf-icon.png 305w\" sizes=\"(max-width: 22px) 100vw, 22px\" \/><\/a> Scheda tecnica<\/p>\n","protected":false},"excerpt":{"rendered":"<p style=\"text-align: justify\">Generosit\u00e0, complessit\u00e0 e raffinatezza: di questo parla il sorso del \u201cPalmes d\u2019Or\u201d, Champagne Brut prodotto da Nicolas Feuillatte. L\u2019eleganza dello Chardonnay incontra il corpo pieno del Pinot Noir, per dare vita a una cuv\u00e9e che trascorre almeno nove anni riposando sui lieviti in bottiglia. Vinificato esclusivamente nelle annate eccezionali, \u00e8 figlio dei migliori appezzamenti Grand Cru, ma soprattutto sintetizza alla perfezione la vasta diversit\u00e0 delle varie zone geografiche della Champagne. Da riservare per le occasioni pi\u00f9 formali e importanti, \u00e8 uno Champagne prestigioso.<\/p>\n","protected":false},"featured_media":30015,"comment_status":"open","ping_status":"closed","template":"","meta":{"_monsterinsights_skip_tracking":false,"_monsterinsights_sitenote_active":false,"_monsterinsights_sitenote_note":"","_monsterinsights_sitenote_category":0},"_links":{"self":[{"href":"https:\/\/www.pietrantica.it\/de\/wp-json\/wp\/v2\/product\/31227"}],"collection":[{"href":"https:\/\/www.pietrantica.it\/de\/wp-json\/wp\/v2\/product"}],"about":[{"href":"https:\/\/www.pietrantica.it\/de\/wp-json\/wp\/v2\/types\/product"}],"replies":[{"embeddable":true,"href":"https:\/\/www.pietrantica.it\/de\/wp-json\/wp\/v2\/comments?post=31227"}],"wp:featuredmedia":[{"embeddable":true,"href":"https:\/\/www.pietrantica.it\/de\/wp-json\/wp\/v2\/media\/30015"}],"wp:attachment":[{"href":"https:\/\/www.pietrantica.it\/de\/wp-json\/wp\/v2\/media?parent=31227"}],"curies":[{"name":"wp","href":"https:\/\/api.w.org\/{rel}","templated":true}]}}