{"id":31203,"date":"2021-06-23T10:21:04","date_gmt":"2021-06-23T08:21:04","guid":{"rendered":"https:\/\/www.pietrantica.it\/prodotto\/petit-manseng-casale-del-giglio\/"},"modified":"2025-02-27T17:45:31","modified_gmt":"2025-02-27T16:45:31","slug":"petit-manseng-casale-del-giglio","status":"publish","type":"product","link":"https:\/\/www.pietrantica.it\/de\/Produkt\/petit-manseng-casale-del-giglio\/","title":{"rendered":"Petit Manseng, Casale del Giglio"},"content":{"rendered":"<p><a href=\"#\" target=\"\u201d_blank\u201d\" rel=\"noopener noreferrer\"><img loading=\"lazy\" class=\"wp-image-20284 alignleft\" src=\"\/wp-content\/uploads\/2020\/05\/pdf-icon.png\" alt=\"\" width=\"22\" height=\"28\" srcset=\"https:\/\/www.pietrantica.it\/wp-content\/uploads\/2020\/05\/pdf-icon-200x262.png 200w, https:\/\/www.pietrantica.it\/wp-content\/uploads\/2020\/05\/pdf-icon-229x300.png 229w, https:\/\/www.pietrantica.it\/wp-content\/uploads\/2020\/05\/pdf-icon.png 305w\" sizes=\"(max-width: 22px) 100vw, 22px\" \/><\/a> Scheda tecnica<\/p>\n","protected":false},"excerpt":{"rendered":"<p>Da uve di petit manseng, tipico vitigno dello Juran\u00e7on francese che sta trovando sempre maggiore interesse in Italia, nasce un vino bianco di grande freschezza e fascino. Vinificato e lasciato maturare in acciaio, \u00e8 vino che fa della luminosit\u00e0 e dei suoi continui richiami fruttati la sua traccia pi\u00f9 distintiva. Il Lazio Petit Manseng IGT 2015 di Casale del Giglio, gi\u00e0 ottimo oggi, si esprimer\u00e0 con eleganza anche tra due o tre anni, se ben conservato in cantina.<\/p>\n","protected":false},"featured_media":30102,"comment_status":"open","ping_status":"closed","template":"","meta":{"_monsterinsights_skip_tracking":false,"_monsterinsights_sitenote_active":false,"_monsterinsights_sitenote_note":"","_monsterinsights_sitenote_category":0},"_links":{"self":[{"href":"https:\/\/www.pietrantica.it\/de\/wp-json\/wp\/v2\/product\/31203"}],"collection":[{"href":"https:\/\/www.pietrantica.it\/de\/wp-json\/wp\/v2\/product"}],"about":[{"href":"https:\/\/www.pietrantica.it\/de\/wp-json\/wp\/v2\/types\/product"}],"replies":[{"embeddable":true,"href":"https:\/\/www.pietrantica.it\/de\/wp-json\/wp\/v2\/comments?post=31203"}],"wp:featuredmedia":[{"embeddable":true,"href":"https:\/\/www.pietrantica.it\/de\/wp-json\/wp\/v2\/media\/30102"}],"wp:attachment":[{"href":"https:\/\/www.pietrantica.it\/de\/wp-json\/wp\/v2\/media?parent=31203"}],"curies":[{"name":"wp","href":"https:\/\/api.w.org\/{rel}","templated":true}]}}