{"id":31190,"date":"2021-06-23T11:03:12","date_gmt":"2021-06-23T09:03:12","guid":{"rendered":"https:\/\/www.pietrantica.it\/prodotto\/sauvignon-casale-del-giglio\/"},"modified":"2024-02-27T10:33:44","modified_gmt":"2024-02-27T09:33:44","slug":"sauvignon-casale-del-giglio","status":"publish","type":"product","link":"https:\/\/www.pietrantica.it\/de\/Produkt\/sauvignon-casale-del-giglio\/","title":{"rendered":"Sauvignon, Casale del Giglio"},"content":{"rendered":"<p><a href=\"#\" target=\"\u201d_blank\u201d\" rel=\"noopener noreferrer\"><img loading=\"lazy\" class=\"wp-image-20284 alignleft\" src=\"\/wp-content\/uploads\/2020\/05\/pdf-icon.png\" alt=\"\" width=\"22\" height=\"28\" srcset=\"https:\/\/www.pietrantica.it\/wp-content\/uploads\/2020\/05\/pdf-icon-200x262.png 200w, https:\/\/www.pietrantica.it\/wp-content\/uploads\/2020\/05\/pdf-icon-229x300.png 229w, https:\/\/www.pietrantica.it\/wp-content\/uploads\/2020\/05\/pdf-icon.png 305w\" sizes=\"(max-width: 22px) 100vw, 22px\" \/><\/a> Scheda tecnica<\/p>\n","protected":false},"excerpt":{"rendered":"<p style=\"text-align: justify\">Il sauvignon, uva originaria del bordolese, \u00e8 stato introdotto in Agro Pontino, in provincia di Latina, dopo una lunga serie di riscontri estremamente positivi, frutto di lunghe ed accurate ricerche. Ecco quindi nascere un bianco vinificato e lasciato maturare in sole vasche di acciaio, un vino che fa della freschezza e della tipicit\u00e0 varietale le sue caratteristiche pi\u00f9 importanti. Il Lazio Sauvignon IGT 2015 di Casale del Giglio \u00e8 un bianco fine ed equilibrato, perfetto per un bell\u2019aperitivo tra amici.<\/p>\n","protected":false},"featured_media":30151,"comment_status":"open","ping_status":"closed","template":"","meta":{"_monsterinsights_skip_tracking":false,"_monsterinsights_sitenote_active":false,"_monsterinsights_sitenote_note":"","_monsterinsights_sitenote_category":0},"_links":{"self":[{"href":"https:\/\/www.pietrantica.it\/de\/wp-json\/wp\/v2\/product\/31190"}],"collection":[{"href":"https:\/\/www.pietrantica.it\/de\/wp-json\/wp\/v2\/product"}],"about":[{"href":"https:\/\/www.pietrantica.it\/de\/wp-json\/wp\/v2\/types\/product"}],"replies":[{"embeddable":true,"href":"https:\/\/www.pietrantica.it\/de\/wp-json\/wp\/v2\/comments?post=31190"}],"wp:featuredmedia":[{"embeddable":true,"href":"https:\/\/www.pietrantica.it\/de\/wp-json\/wp\/v2\/media\/30151"}],"wp:attachment":[{"href":"https:\/\/www.pietrantica.it\/de\/wp-json\/wp\/v2\/media?parent=31190"}],"curies":[{"name":"wp","href":"https:\/\/api.w.org\/{rel}","templated":true}]}}