{"id":31175,"date":"2021-06-23T11:37:01","date_gmt":"2021-06-23T09:37:01","guid":{"rendered":"https:\/\/www.pietrantica.it\/prodotto\/viogner-casale-del-giglio\/"},"modified":"2025-02-27T17:43:58","modified_gmt":"2025-02-27T16:43:58","slug":"viogner-casale-del-giglio","status":"publish","type":"product","link":"https:\/\/www.pietrantica.it\/de\/Produkt\/viogner-casale-del-giglio\/","title":{"rendered":"Viogner, Casale del Giglio"},"content":{"rendered":"<p><a href=\"#\" target=\"\u201d_blank\u201d\" rel=\"noopener noreferrer\"><img loading=\"lazy\" class=\"wp-image-20284 alignleft\" src=\"\/wp-content\/uploads\/2020\/05\/pdf-icon.png\" alt=\"\" width=\"22\" height=\"28\" srcset=\"https:\/\/www.pietrantica.it\/wp-content\/uploads\/2020\/05\/pdf-icon-200x262.png 200w, https:\/\/www.pietrantica.it\/wp-content\/uploads\/2020\/05\/pdf-icon-229x300.png 229w, https:\/\/www.pietrantica.it\/wp-content\/uploads\/2020\/05\/pdf-icon.png 305w\" sizes=\"(max-width: 22px) 100vw, 22px\" \/><\/a> Scheda tecnica<\/p>\n","protected":false},"excerpt":{"rendered":"<p style=\"text-align: justify\">Vitigno a bacca bianca originario della Valle del Rodano che si \u00e8 diffuso un po\u2019 in tutto il Sud della Francia, il viogner si \u00e8 adattato particolarmente bene ai climi caldi e ai terreni tipici del Lazio e di Casale del Giglio. Il Lazio Viogner IGT 2014 di Casale del Giglio, vinificato e lasciato maturare in acciaio, \u00e8 vino che si esprime con note morbide ed avvolgenti e che \u00e8 perfettamente sostenuto da una certa acidit\u00e0 e da un\u2019ottima freschezza.<\/p>\n","protected":false},"featured_media":30202,"comment_status":"open","ping_status":"closed","template":"","meta":{"_monsterinsights_skip_tracking":false,"_monsterinsights_sitenote_active":false,"_monsterinsights_sitenote_note":"","_monsterinsights_sitenote_category":0},"_links":{"self":[{"href":"https:\/\/www.pietrantica.it\/de\/wp-json\/wp\/v2\/product\/31175"}],"collection":[{"href":"https:\/\/www.pietrantica.it\/de\/wp-json\/wp\/v2\/product"}],"about":[{"href":"https:\/\/www.pietrantica.it\/de\/wp-json\/wp\/v2\/types\/product"}],"replies":[{"embeddable":true,"href":"https:\/\/www.pietrantica.it\/de\/wp-json\/wp\/v2\/comments?post=31175"}],"wp:featuredmedia":[{"embeddable":true,"href":"https:\/\/www.pietrantica.it\/de\/wp-json\/wp\/v2\/media\/30202"}],"wp:attachment":[{"href":"https:\/\/www.pietrantica.it\/de\/wp-json\/wp\/v2\/media?parent=31175"}],"curies":[{"name":"wp","href":"https:\/\/api.w.org\/{rel}","templated":true}]}}