{"id":31159,"date":"2021-06-23T16:39:51","date_gmt":"2021-06-23T14:39:51","guid":{"rendered":"https:\/\/www.pietrantica.it\/prodotto\/barbaresco-marchesi-di-barolo\/"},"modified":"2024-02-26T11:41:20","modified_gmt":"2024-02-26T10:41:20","slug":"barbaresco-marchesi-di-barolo","status":"publish","type":"product","link":"https:\/\/www.pietrantica.it\/de\/Produkt\/barbaresco-marchesi-di-barolo\/","title":{"rendered":"Barbaresco &#8222;Serragrilli&#8220;, Marchesi di Barolo 2019"},"content":{"rendered":"<p><a href=\"#\" target=\"\u201d_blank\u201d\" rel=\"noopener noreferrer\"><img loading=\"lazy\" class=\"wp-image-20284 alignleft\" src=\"\/wp-content\/uploads\/2020\/05\/pdf-icon.png\" alt=\"\" width=\"22\" height=\"28\" srcset=\"https:\/\/www.pietrantica.it\/wp-content\/uploads\/2020\/05\/pdf-icon-200x262.png 200w, https:\/\/www.pietrantica.it\/wp-content\/uploads\/2020\/05\/pdf-icon-229x300.png 229w, https:\/\/www.pietrantica.it\/wp-content\/uploads\/2020\/05\/pdf-icon.png 305w\" sizes=\"(max-width: 22px) 100vw, 22px\" \/><\/a> Scheda tecnica<\/p>\n","protected":false},"excerpt":{"rendered":"<p style=\"text-align: justify\">Serragrilli \u00e8 una dolce collina nel Comune di Neive esposta a sud-ovest, dove i grappoli di Nebbiolo ricevono i raggi del sole fino a tarda sera. Il terreno ha struttura e composizione uniforme. Il suolo \u00e8 compatto e la correlazione tra macro e microelementi \u00e8 omogenea , argilla e calcare sono coperti da un adeguato mantello di sabbie quarzose e limo finissimo. Il vigneto si estende nella parte alta della collina, sino a raggiungerne il crinale.<\/p>\n<p style=\"text-align: justify\">Riconosciuta da sempre come zona ad alta vocazione viticola, Serragrilli produce un Barbaresco di grande piacevolezza: al gusto deciso e corposo ma, nello stesso tempo, armonico ed equilibrato, con tannini dolci, mai troppo in evidenza, che gli assicurano un\u2019ottima longevit\u00e0.<br \/>\nIl Barbaresco Serragrilli raggiunge la maturit\u00e0 dopo 4 anni dalla vendemmia e il plateau di maturazione \u00e8 compreso fra i 4 e i 20 anni.<\/p>\n<p style=\"text-align: justify\">Il colore \u00e8 rosso rubino, con riflessi granato. Il profumo \u00e8 intenso, persistente, con netto sentore di piccoli frutti, rosa canina e spezie. Il sapore \u00e8 pieno, corposo, ma, nello stesso tempo, armonico ed equilibrato, con tannini dolci, mai troppo in evidenza.<\/p>\n","protected":false},"featured_media":30260,"comment_status":"open","ping_status":"closed","template":"","meta":{"_monsterinsights_skip_tracking":false,"_monsterinsights_sitenote_active":false,"_monsterinsights_sitenote_note":"","_monsterinsights_sitenote_category":0},"_links":{"self":[{"href":"https:\/\/www.pietrantica.it\/de\/wp-json\/wp\/v2\/product\/31159"}],"collection":[{"href":"https:\/\/www.pietrantica.it\/de\/wp-json\/wp\/v2\/product"}],"about":[{"href":"https:\/\/www.pietrantica.it\/de\/wp-json\/wp\/v2\/types\/product"}],"replies":[{"embeddable":true,"href":"https:\/\/www.pietrantica.it\/de\/wp-json\/wp\/v2\/comments?post=31159"}],"wp:featuredmedia":[{"embeddable":true,"href":"https:\/\/www.pietrantica.it\/de\/wp-json\/wp\/v2\/media\/30260"}],"wp:attachment":[{"href":"https:\/\/www.pietrantica.it\/de\/wp-json\/wp\/v2\/media?parent=31159"}],"curies":[{"name":"wp","href":"https:\/\/api.w.org\/{rel}","templated":true}]}}