{"id":31156,"date":"2021-06-23T16:45:50","date_gmt":"2021-06-23T14:45:50","guid":{"rendered":"https:\/\/www.pietrantica.it\/prodotto\/barbera-dalba-peiragal-marchesi-di-barolo-15l\/"},"modified":"2024-02-27T10:11:27","modified_gmt":"2024-02-27T09:11:27","slug":"barbera-dalba-peiragal-marchesi-di-barolo-15l","status":"publish","type":"product","link":"https:\/\/www.pietrantica.it\/de\/Produkt\/barbera-dalba-peiragal-marchesi-di-barolo-15l\/","title":{"rendered":"Barbera d&#8217;Alba &#8222;Peiragal&#8220;, Marchesi di Barolo 1,5L"},"content":{"rendered":"<p><a href=\"#\" target=\"\u201d_blank\u201d\" rel=\"noopener noreferrer\"><img loading=\"lazy\" class=\"wp-image-20284 alignleft\" src=\"\/wp-content\/uploads\/2020\/05\/pdf-icon.png\" alt=\"\" width=\"22\" height=\"28\" srcset=\"https:\/\/www.pietrantica.it\/wp-content\/uploads\/2020\/05\/pdf-icon-200x262.png 200w, https:\/\/www.pietrantica.it\/wp-content\/uploads\/2020\/05\/pdf-icon-229x300.png 229w, https:\/\/www.pietrantica.it\/wp-content\/uploads\/2020\/05\/pdf-icon.png 305w\" sizes=\"(max-width: 22px) 100vw, 22px\" \/><\/a> Scheda tecnica<\/p>\n","protected":false},"excerpt":{"rendered":"<p style=\"text-align: justify\">Peiragal \u00e8 un antico termine dialettale piemontese, che identifica colline di buona pendenza costituite da grandi formazioni di terreno calcareo argilloso molto compatto, con pietre di grandi dimensioni. Queste condizioni limitano l\u2019assorbimento delle piogge e favoriscono un radicamento molto profondo delle viti, alla ricerca dell\u2019umidit\u00e0 che risale, per capillarit\u00e0, dagli strati profondi. Il risultato \u00e8 la produzione di grappoli spargoli e, quindi, di un vino assai strutturato, con moderata acidit\u00e0, presenza alcolica ben bilanciata e tannini dolci, mai troppo in evidenza.<\/p>\n","protected":false},"featured_media":30271,"comment_status":"open","ping_status":"closed","template":"","meta":{"_monsterinsights_skip_tracking":false,"_monsterinsights_sitenote_active":false,"_monsterinsights_sitenote_note":"","_monsterinsights_sitenote_category":0},"_links":{"self":[{"href":"https:\/\/www.pietrantica.it\/de\/wp-json\/wp\/v2\/product\/31156"}],"collection":[{"href":"https:\/\/www.pietrantica.it\/de\/wp-json\/wp\/v2\/product"}],"about":[{"href":"https:\/\/www.pietrantica.it\/de\/wp-json\/wp\/v2\/types\/product"}],"replies":[{"embeddable":true,"href":"https:\/\/www.pietrantica.it\/de\/wp-json\/wp\/v2\/comments?post=31156"}],"wp:featuredmedia":[{"embeddable":true,"href":"https:\/\/www.pietrantica.it\/de\/wp-json\/wp\/v2\/media\/30271"}],"wp:attachment":[{"href":"https:\/\/www.pietrantica.it\/de\/wp-json\/wp\/v2\/media?parent=31156"}],"curies":[{"name":"wp","href":"https:\/\/api.w.org\/{rel}","templated":true}]}}