{"id":31147,"date":"2021-06-23T17:02:19","date_gmt":"2021-06-23T15:02:19","guid":{"rendered":"https:\/\/www.pietrantica.it\/prodotto\/barolo-pio-cesare\/"},"modified":"2024-02-26T11:38:43","modified_gmt":"2024-02-26T10:38:43","slug":"barolo-pio-cesare","status":"publish","type":"product","link":"https:\/\/www.pietrantica.it\/de\/Produkt\/barolo-pio-cesare\/","title":{"rendered":"Barolo, Pio Cesare 2019"},"content":{"rendered":"<p><a href=\"#\" target=\"\u201d_blank\u201d\" rel=\"noopener noreferrer\"><img loading=\"lazy\" class=\"wp-image-20284 alignleft\" src=\"\/wp-content\/uploads\/2020\/05\/pdf-icon.png\" alt=\"\" width=\"22\" height=\"28\" srcset=\"https:\/\/www.pietrantica.it\/wp-content\/uploads\/2020\/05\/pdf-icon-200x262.png 200w, https:\/\/www.pietrantica.it\/wp-content\/uploads\/2020\/05\/pdf-icon-229x300.png 229w, https:\/\/www.pietrantica.it\/wp-content\/uploads\/2020\/05\/pdf-icon.png 305w\" sizes=\"(max-width: 22px) 100vw, 22px\" \/><\/a> Scheda tecnica<\/p>\n","protected":false},"excerpt":{"rendered":"<p style=\"text-align: justify\">Il Barolo DOCG a firma Pio Cesare, al fine di dar vita a un rosso rappresentativo dei vari e grandi terroirs della zona natia, \u00e8 prodotto, da sempre, utilizzando uve provenienti da ben quattro, diverse, vigne di propriet\u00e0. Affinato in legno per circa 30 mesi, si distingue, fin da subito, per fascino e complessit\u00e0; il sorso \u00e8 potente e di lungo appagamento.<\/p>\n","protected":false},"featured_media":30300,"comment_status":"open","ping_status":"closed","template":"","meta":{"_monsterinsights_skip_tracking":false,"_monsterinsights_sitenote_active":false,"_monsterinsights_sitenote_note":"","_monsterinsights_sitenote_category":0},"_links":{"self":[{"href":"https:\/\/www.pietrantica.it\/de\/wp-json\/wp\/v2\/product\/31147"}],"collection":[{"href":"https:\/\/www.pietrantica.it\/de\/wp-json\/wp\/v2\/product"}],"about":[{"href":"https:\/\/www.pietrantica.it\/de\/wp-json\/wp\/v2\/types\/product"}],"replies":[{"embeddable":true,"href":"https:\/\/www.pietrantica.it\/de\/wp-json\/wp\/v2\/comments?post=31147"}],"wp:featuredmedia":[{"embeddable":true,"href":"https:\/\/www.pietrantica.it\/de\/wp-json\/wp\/v2\/media\/30300"}],"wp:attachment":[{"href":"https:\/\/www.pietrantica.it\/de\/wp-json\/wp\/v2\/media?parent=31147"}],"curies":[{"name":"wp","href":"https:\/\/api.w.org\/{rel}","templated":true}]}}