{"id":31143,"date":"2021-06-23T17:09:52","date_gmt":"2021-06-23T15:09:52","guid":{"rendered":"https:\/\/www.pietrantica.it\/prodotto\/cabernet-sauvignon-casale-del-giglio\/"},"modified":"2021-06-23T17:09:52","modified_gmt":"2021-06-23T15:09:52","slug":"cabernet-sauvignon-casale-del-giglio","status":"publish","type":"product","link":"https:\/\/www.pietrantica.it\/de\/Produkt\/cabernet-sauvignon-casale-del-giglio\/","title":{"rendered":"Cabernet, Sauvignon, Casale del Giglio"},"content":{"rendered":"<p><a href=\"#\" target=\"\u201d_blank\u201d\" rel=\"noopener noreferrer\"><img loading=\"lazy\" class=\"wp-image-20284 alignleft\" src=\"https:\/\/www.pietrantica.it\/wp-content\/uploads\/2020\/05\/pdf-icon.png\" alt=\"\" width=\"22\" height=\"28\" srcset=\"https:\/\/www.pietrantica.it\/wp-content\/uploads\/2020\/05\/pdf-icon-200x262.png 200w, https:\/\/www.pietrantica.it\/wp-content\/uploads\/2020\/05\/pdf-icon-229x300.png 229w, https:\/\/www.pietrantica.it\/wp-content\/uploads\/2020\/05\/pdf-icon.png 305w\" sizes=\"(max-width: 22px) 100vw, 22px\" \/><\/a> Scheda tecnica<\/p>\n","protected":false},"excerpt":{"rendered":"<p style=\"text-align: justify;\">Vitigno di origine bordolese principalmente coltivato nelle zone del M\u00e9doc, il cabernet sauvignon \u00e8 senz\u2019altro una delle variet\u00e0 pi\u00f9 rinomate al mondo per la produzione di vini di grande qualit\u00e0 e longevit\u00e0. Ha grandi capacit\u00e0 di adattamento alle pi\u00f9 disparate condizioni climatiche, caratteristica fondamentale per la sua diffusione in larga parte della Penisola. Non solo, si tratta di una variet\u00e0 che \u00e8 sempre riconoscibile e che al tempo stesso \u00e8 in grado di esprimere al meglio le caratteristiche del suo territorio di coltivazione. \u00c8 cos\u00ec che nell\u2019Agro Pontino nasce un rosso vinificato in acciaio e lasciato maturare in piccoli fusti di rovere per circa un anno, il Lazio Cabernet Sauvignon IGT 2013 di Casale del Giglio \u00e8 un vino potente, ricco ed elegante.<\/p>\n","protected":false},"featured_media":30315,"comment_status":"open","ping_status":"closed","template":"","meta":{"_monsterinsights_skip_tracking":false,"_monsterinsights_sitenote_active":false,"_monsterinsights_sitenote_note":"","_monsterinsights_sitenote_category":0},"_links":{"self":[{"href":"https:\/\/www.pietrantica.it\/de\/wp-json\/wp\/v2\/product\/31143"}],"collection":[{"href":"https:\/\/www.pietrantica.it\/de\/wp-json\/wp\/v2\/product"}],"about":[{"href":"https:\/\/www.pietrantica.it\/de\/wp-json\/wp\/v2\/types\/product"}],"replies":[{"embeddable":true,"href":"https:\/\/www.pietrantica.it\/de\/wp-json\/wp\/v2\/comments?post=31143"}],"wp:featuredmedia":[{"embeddable":true,"href":"https:\/\/www.pietrantica.it\/de\/wp-json\/wp\/v2\/media\/30315"}],"wp:attachment":[{"href":"https:\/\/www.pietrantica.it\/de\/wp-json\/wp\/v2\/media?parent=31143"}],"curies":[{"name":"wp","href":"https:\/\/api.w.org\/{rel}","templated":true}]}}