{"id":31137,"date":"2021-06-23T17:26:41","date_gmt":"2021-06-23T15:26:41","guid":{"rendered":"https:\/\/www.pietrantica.it\/prodotto\/monica-di-sardegna-pala\/"},"modified":"2021-06-23T17:26:41","modified_gmt":"2021-06-23T15:26:41","slug":"monica-di-sardegna-pala","status":"publish","type":"product","link":"https:\/\/www.pietrantica.it\/de\/Produkt\/monica-di-sardegna-pala\/","title":{"rendered":"Monica di Sardegna, Pala"},"content":{"rendered":"<p><a href=\"#\" target=\"\u201d_blank\u201d\" rel=\"noopener noreferrer\"><img loading=\"lazy\" class=\"wp-image-20286 alignleft\" src=\"https:\/\/www.pietrantica.it\/wp-content\/uploads\/2020\/05\/pdf-icon.png\" alt=\"\" width=\"22\" height=\"28\" srcset=\"https:\/\/www.pietrantica.it\/wp-content\/uploads\/2020\/05\/pdf-icon-200x262.png 200w, https:\/\/www.pietrantica.it\/wp-content\/uploads\/2020\/05\/pdf-icon-229x300.png 229w, https:\/\/www.pietrantica.it\/wp-content\/uploads\/2020\/05\/pdf-icon.png 305w\" sizes=\"(max-width: 22px) 100vw, 22px\" \/><\/a> Scheda tecnica<\/p>\n","protected":false},"excerpt":{"rendered":"<p style=\"text-align: justify;\">Il Monica \u201cI Fiori\u201d di Pala \u00e8 un rosso che rende omaggio al territorio e alle memorie vitivinicole della Sardegna. Il Monica, un vitigno autoctono tradizionale, presentato in quest\u2019etichetta con una veste tipicamente varietale, che sia al naso sia in bocca si muove con gentilezza, grazie a note e sapori lineari sviluppati con ordine, senza nessuna sbavatura. Una bottiglia interessante anche per il rapporto qualit\u00e0-prezzo con cui \u00e8 proposta, incentivante per chi \u00e8 incuriosito dal provare un varietale tipico dell\u2019isola.<\/p>\n","protected":false},"featured_media":30340,"comment_status":"open","ping_status":"closed","template":"","meta":{"_monsterinsights_skip_tracking":false,"_monsterinsights_sitenote_active":false,"_monsterinsights_sitenote_note":"","_monsterinsights_sitenote_category":0},"_links":{"self":[{"href":"https:\/\/www.pietrantica.it\/de\/wp-json\/wp\/v2\/product\/31137"}],"collection":[{"href":"https:\/\/www.pietrantica.it\/de\/wp-json\/wp\/v2\/product"}],"about":[{"href":"https:\/\/www.pietrantica.it\/de\/wp-json\/wp\/v2\/types\/product"}],"replies":[{"embeddable":true,"href":"https:\/\/www.pietrantica.it\/de\/wp-json\/wp\/v2\/comments?post=31137"}],"wp:featuredmedia":[{"embeddable":true,"href":"https:\/\/www.pietrantica.it\/de\/wp-json\/wp\/v2\/media\/30340"}],"wp:attachment":[{"href":"https:\/\/www.pietrantica.it\/de\/wp-json\/wp\/v2\/media?parent=31137"}],"curies":[{"name":"wp","href":"https:\/\/api.w.org\/{rel}","templated":true}]}}