{"id":31128,"date":"2021-06-23T18:26:31","date_gmt":"2021-06-23T16:26:31","guid":{"rendered":"https:\/\/www.pietrantica.it\/prodotto\/merlot-sassoregale\/"},"modified":"2022-06-13T11:41:36","modified_gmt":"2022-06-13T09:41:36","slug":"merlot-sassoregale","status":"publish","type":"product","link":"https:\/\/www.pietrantica.it\/de\/Produkt\/merlot-sassoregale\/","title":{"rendered":"Merlot, Sassoregale"},"content":{"rendered":"<p><a href=\"https:\/\/www.pietrantica.it\/wp-content\/uploads\/2021\/07\/MERLOT-SASSOREGALE.pdf\" target=\"\u201d_blank\u201d\" rel=\"noopener noreferrer\"><img loading=\"lazy\" class=\"wp-image-20284 alignleft\" src=\"\/wp-content\/uploads\/2020\/05\/pdf-icon.png\" alt=\"\" width=\"22\" height=\"28\" srcset=\"https:\/\/www.pietrantica.it\/wp-content\/uploads\/2020\/05\/pdf-icon-200x262.png 200w, https:\/\/www.pietrantica.it\/wp-content\/uploads\/2020\/05\/pdf-icon-229x300.png 229w, https:\/\/www.pietrantica.it\/wp-content\/uploads\/2020\/05\/pdf-icon.png 305w\" sizes=\"(max-width: 22px) 100vw, 22px\" \/><\/a> Scheda tecnica<\/p>\n","protected":false},"excerpt":{"rendered":"<p style=\"text-align: justify\">il Merlot \u00e8 sinonimo di morbidezza e piacevolezza, specialmente se coltivato nelle zone dove le complete maturazioni possono esaltarne le dolcezze strutturali. Il vino che nasce \u00e8 quindi figlio di una natura mai doma, prepotente, ma che diviene docile ed intrigante al sole di queste colline. A tutto questo, si aggiunge il calore del suo colore e l\u2019intensit\u00e0 fruttata dei suoi profumi, rendendolo cos\u00ec un vino capace di sposarsi con la pi\u00f9 autentica cucina toscana.<\/p>\n","protected":false},"featured_media":30370,"comment_status":"open","ping_status":"closed","template":"","meta":{"_monsterinsights_skip_tracking":false,"_monsterinsights_sitenote_active":false,"_monsterinsights_sitenote_note":"","_monsterinsights_sitenote_category":0},"_links":{"self":[{"href":"https:\/\/www.pietrantica.it\/de\/wp-json\/wp\/v2\/product\/31128"}],"collection":[{"href":"https:\/\/www.pietrantica.it\/de\/wp-json\/wp\/v2\/product"}],"about":[{"href":"https:\/\/www.pietrantica.it\/de\/wp-json\/wp\/v2\/types\/product"}],"replies":[{"embeddable":true,"href":"https:\/\/www.pietrantica.it\/de\/wp-json\/wp\/v2\/comments?post=31128"}],"wp:featuredmedia":[{"embeddable":true,"href":"https:\/\/www.pietrantica.it\/de\/wp-json\/wp\/v2\/media\/30370"}],"wp:attachment":[{"href":"https:\/\/www.pietrantica.it\/de\/wp-json\/wp\/v2\/media?parent=31128"}],"curies":[{"name":"wp","href":"https:\/\/api.w.org\/{rel}","templated":true}]}}