{"id":31125,"date":"2021-06-24T16:18:25","date_gmt":"2021-06-24T14:18:25","guid":{"rendered":"https:\/\/www.pietrantica.it\/prodotto\/cabernet-merlot-tiefenbrunner\/"},"modified":"2023-03-23T15:47:45","modified_gmt":"2023-03-23T14:47:45","slug":"cabernet-merlot-tiefenbrunner","status":"publish","type":"product","link":"https:\/\/www.pietrantica.it\/de\/Produkt\/cabernet-merlot-tiefenbrunner\/","title":{"rendered":"Cabernet Merlot, Tiefenbrunner"},"content":{"rendered":"<p><a href=\"https:\/\/www.pietrantica.it\/wp-content\/uploads\/2021\/07\/CABERNET-MERLOT-TIEFENBRUNNER.pdf\" target=\"\u201d_blank\u201d\" rel=\"noopener noreferrer\"><img loading=\"lazy\" class=\"wp-image-20284 alignleft\" src=\"\/wp-content\/uploads\/2020\/05\/pdf-icon.png\" alt=\"\" width=\"22\" height=\"28\" srcset=\"https:\/\/www.pietrantica.it\/wp-content\/uploads\/2020\/05\/pdf-icon-200x262.png 200w, https:\/\/www.pietrantica.it\/wp-content\/uploads\/2020\/05\/pdf-icon-229x300.png 229w, https:\/\/www.pietrantica.it\/wp-content\/uploads\/2020\/05\/pdf-icon.png 305w\" sizes=\"(max-width: 22px) 100vw, 22px\" \/><\/a> Scheda tecnica<\/p>\n","protected":false},"excerpt":{"rendered":"<p style=\"text-align: justify\">Cabernet Merlot dal colore rosso granata con sfumature violacee; al naso offre un bouquet complesso che ricorda la frutta secca, le ciliegie e la liquirizia. \u00c8 un vino elegante che rivela al palato la sua rotondit\u00e0, mostrandosi avvolgente e di piacevole acidit\u00e0. Finale possente e di lunga persistenza. Possiede tutti i requisiti per un buon invecchiamento.<\/p>\n","protected":false},"featured_media":30381,"comment_status":"open","ping_status":"closed","template":"","meta":{"_monsterinsights_skip_tracking":false,"_monsterinsights_sitenote_active":false,"_monsterinsights_sitenote_note":"","_monsterinsights_sitenote_category":0},"_links":{"self":[{"href":"https:\/\/www.pietrantica.it\/de\/wp-json\/wp\/v2\/product\/31125"}],"collection":[{"href":"https:\/\/www.pietrantica.it\/de\/wp-json\/wp\/v2\/product"}],"about":[{"href":"https:\/\/www.pietrantica.it\/de\/wp-json\/wp\/v2\/types\/product"}],"replies":[{"embeddable":true,"href":"https:\/\/www.pietrantica.it\/de\/wp-json\/wp\/v2\/comments?post=31125"}],"wp:featuredmedia":[{"embeddable":true,"href":"https:\/\/www.pietrantica.it\/de\/wp-json\/wp\/v2\/media\/30381"}],"wp:attachment":[{"href":"https:\/\/www.pietrantica.it\/de\/wp-json\/wp\/v2\/media?parent=31125"}],"curies":[{"name":"wp","href":"https:\/\/api.w.org\/{rel}","templated":true}]}}