{"id":31120,"date":"2021-06-24T16:28:06","date_gmt":"2021-06-24T14:28:06","guid":{"rendered":"https:\/\/www.pietrantica.it\/prodotto\/nebbiolo-roccheri-marchesi-di-barolo\/"},"modified":"2021-06-24T16:28:06","modified_gmt":"2021-06-24T14:28:06","slug":"nebbiolo-roccheri-marchesi-di-barolo","status":"publish","type":"product","link":"https:\/\/www.pietrantica.it\/de\/Produkt\/nebbiolo-roccheri-marchesi-di-barolo\/","title":{"rendered":"Nebbiolo &#8222;Roccheri&#8220;, Marchesi di Barolo"},"content":{"rendered":"<p><a href=\"https:\/\/www.pietrantica.it\/wp-content\/uploads\/2021\/07\/NEBBIOLO-DALBA-ROCCHERI-MARCHESI-DI-BAROLO.pdf\" target=\"\u201d_blank\u201d\" rel=\"noopener noreferrer\"><img loading=\"lazy\" class=\"wp-image-20284 alignleft\" src=\"https:\/\/www.pietrantica.it\/wp-content\/uploads\/2020\/05\/pdf-icon.png\" alt=\"\" width=\"22\" height=\"28\" srcset=\"https:\/\/www.pietrantica.it\/wp-content\/uploads\/2020\/05\/pdf-icon-200x262.png 200w, https:\/\/www.pietrantica.it\/wp-content\/uploads\/2020\/05\/pdf-icon-229x300.png 229w, https:\/\/www.pietrantica.it\/wp-content\/uploads\/2020\/05\/pdf-icon.png 305w\" sizes=\"(max-width: 22px) 100vw, 22px\" \/><\/a> Scheda tecnica<\/p>\n","protected":false},"excerpt":{"rendered":"<p style=\"text-align: justify;\">Il Nebbiolo \u00e8 un vitigno molto eclettico. Dalle colline calcareo argillose di medio impasto estrae abbondanza di oligoelementi che ne arricchiscono la struttura; dai terreni ricchi di sabbie quarzose e limo preleva profumi fragranti e fruttati: il risultato \u00e8 un vino che unisce corposit\u00e0 ad eleganza, fruttuosit\u00e0 a pienezza ed armonia.<\/p>\n<p style=\"text-align: justify;\">Il plateau di maturazione \u00e8 compreso fra i 2 e gli 8 anni.<\/p>\n<p style=\"text-align: justify;\">Il colore \u00e8 rosso rubino, con riflessi granato. Note fragranti, che richiamano i frutti di bosco, lasciano via via il posto a sentori floreali di viola e rosa selvatica. Una leggera nota speziata, di vaniglia, aggiunge complessit\u00e0 al ventaglio di sensazioni.<br \/>\nIl sapore \u00e8 intenso ma armonico ed equilibrato, con tannini morbidi, mai troppo in evidenza.<\/p>\n","protected":false},"featured_media":30394,"comment_status":"open","ping_status":"closed","template":"","meta":{"_monsterinsights_skip_tracking":false,"_monsterinsights_sitenote_active":false,"_monsterinsights_sitenote_note":"","_monsterinsights_sitenote_category":0},"_links":{"self":[{"href":"https:\/\/www.pietrantica.it\/de\/wp-json\/wp\/v2\/product\/31120"}],"collection":[{"href":"https:\/\/www.pietrantica.it\/de\/wp-json\/wp\/v2\/product"}],"about":[{"href":"https:\/\/www.pietrantica.it\/de\/wp-json\/wp\/v2\/types\/product"}],"replies":[{"embeddable":true,"href":"https:\/\/www.pietrantica.it\/de\/wp-json\/wp\/v2\/comments?post=31120"}],"wp:featuredmedia":[{"embeddable":true,"href":"https:\/\/www.pietrantica.it\/de\/wp-json\/wp\/v2\/media\/30394"}],"wp:attachment":[{"href":"https:\/\/www.pietrantica.it\/de\/wp-json\/wp\/v2\/media?parent=31120"}],"curies":[{"name":"wp","href":"https:\/\/api.w.org\/{rel}","templated":true}]}}