{"id":31119,"date":"2021-06-24T16:29:24","date_gmt":"2021-06-24T14:29:24","guid":{"rendered":"https:\/\/www.pietrantica.it\/prodotto\/nebbiolo-vietti\/"},"modified":"2024-02-26T11:05:23","modified_gmt":"2024-02-26T10:05:23","slug":"nebbiolo-vietti","status":"publish","type":"product","link":"https:\/\/www.pietrantica.it\/de\/Produkt\/nebbiolo-vietti\/","title":{"rendered":"Nebbiolo Vietti"},"content":{"rendered":"<p><a href=\"https:\/\/www.pietrantica.it\/wp-content\/uploads\/2021\/07\/NEBBIOLO-VIETTI.pdf\" target=\"\u201d_blank\u201d\" rel=\"noopener noreferrer\"><img loading=\"lazy\" class=\"wp-image-20284 alignleft\" src=\"\/wp-content\/uploads\/2020\/05\/pdf-icon.png\" alt=\"\" width=\"22\" height=\"28\" srcset=\"https:\/\/www.pietrantica.it\/wp-content\/uploads\/2020\/05\/pdf-icon-200x262.png 200w, https:\/\/www.pietrantica.it\/wp-content\/uploads\/2020\/05\/pdf-icon-229x300.png 229w, https:\/\/www.pietrantica.it\/wp-content\/uploads\/2020\/05\/pdf-icon.png 305w\" sizes=\"(max-width: 22px) 100vw, 22px\" \/><\/a> Scheda tecnica<\/p>\n","protected":false},"excerpt":{"rendered":"<p style=\"text-align: justify\">Il Langhe Nebbiolo DOC \u201cPerbacco\u201d, della cantina Vietti, \u00e8 prodotto con uve di nebbiolo vendemmiate in vigneti che hanno un\u2019et\u00e0 media di 35 anni. Matura in barrique per quattro mesi e in botti grandi per altri venti mesi. \u00c8 davvero un vino favoloso se si prende in considerazione il rapporto qualit\u00e0\/prezzo. Robusto, potente e intenso in giovent\u00f9, diventa raffinato ed elegante con l\u2019invecchiamento.<\/p>\n","protected":false},"featured_media":30398,"comment_status":"open","ping_status":"closed","template":"","meta":{"_monsterinsights_skip_tracking":false,"_monsterinsights_sitenote_active":false,"_monsterinsights_sitenote_note":"","_monsterinsights_sitenote_category":0},"_links":{"self":[{"href":"https:\/\/www.pietrantica.it\/de\/wp-json\/wp\/v2\/product\/31119"}],"collection":[{"href":"https:\/\/www.pietrantica.it\/de\/wp-json\/wp\/v2\/product"}],"about":[{"href":"https:\/\/www.pietrantica.it\/de\/wp-json\/wp\/v2\/types\/product"}],"replies":[{"embeddable":true,"href":"https:\/\/www.pietrantica.it\/de\/wp-json\/wp\/v2\/comments?post=31119"}],"wp:featuredmedia":[{"embeddable":true,"href":"https:\/\/www.pietrantica.it\/de\/wp-json\/wp\/v2\/media\/30398"}],"wp:attachment":[{"href":"https:\/\/www.pietrantica.it\/de\/wp-json\/wp\/v2\/media?parent=31119"}],"curies":[{"name":"wp","href":"https:\/\/api.w.org\/{rel}","templated":true}]}}