{"id":31100,"date":"2021-06-24T17:00:13","date_gmt":"2021-06-24T15:00:13","guid":{"rendered":"https:\/\/www.pietrantica.it\/prodotto\/syrah-casale-del-giglio\/"},"modified":"2025-02-27T17:43:08","modified_gmt":"2025-02-27T16:43:08","slug":"syrah-casale-del-giglio","status":"publish","type":"product","link":"https:\/\/www.pietrantica.it\/de\/Produkt\/syrah-casale-del-giglio\/","title":{"rendered":"Syrah, Casale del Giglio"},"content":{"rendered":"<p><a href=\"https:\/\/www.pietrantica.it\/wp-content\/uploads\/2021\/07\/SHIRAZ-CASALE-DEL-GIGLIO.pdf\" target=\"\u201d_blank\u201d\" rel=\"noopener noreferrer\"><img loading=\"lazy\" class=\"wp-image-20284 alignleft\" src=\"\/wp-content\/uploads\/2020\/05\/pdf-icon.png\" alt=\"\" width=\"22\" height=\"28\" srcset=\"https:\/\/www.pietrantica.it\/wp-content\/uploads\/2020\/05\/pdf-icon-200x262.png 200w, https:\/\/www.pietrantica.it\/wp-content\/uploads\/2020\/05\/pdf-icon-229x300.png 229w, https:\/\/www.pietrantica.it\/wp-content\/uploads\/2020\/05\/pdf-icon.png 305w\" sizes=\"(max-width: 22px) 100vw, 22px\" \/><\/a> Scheda tecnica<\/p>\n","protected":false},"excerpt":{"rendered":"<p style=\"text-align: justify\">Lo shiraz (o syrah) \u00e8 un vitigno di origine orientale che proviene dall\u2019antica Persia e che si \u00e8 affermato in Francia principalmente nella Valle del Rodano dove concorre alla produzione di vini celebri come l\u2019Hermitage e lo Ch\u00e2teauneuf-du-Pape. Casale del Giglio lo ha introdotto nella provincia di Latina nel 1985 e da allora ne \u00e8 uno degli interpreti pi\u00f9 autorevoli, almeno in Italia. Una maturazione di 8\/12 mesi in barrique porta al Lazio Shiraz IGT 2015 di Casale del Giglio: un vino ricco e profondo, morbido e vellutato, perfettamente sostenuto da una bella traccia di freschezza.<\/p>\n","protected":false},"featured_media":30472,"comment_status":"open","ping_status":"closed","template":"","meta":{"_monsterinsights_skip_tracking":false,"_monsterinsights_sitenote_active":false,"_monsterinsights_sitenote_note":"","_monsterinsights_sitenote_category":0},"_links":{"self":[{"href":"https:\/\/www.pietrantica.it\/de\/wp-json\/wp\/v2\/product\/31100"}],"collection":[{"href":"https:\/\/www.pietrantica.it\/de\/wp-json\/wp\/v2\/product"}],"about":[{"href":"https:\/\/www.pietrantica.it\/de\/wp-json\/wp\/v2\/types\/product"}],"replies":[{"embeddable":true,"href":"https:\/\/www.pietrantica.it\/de\/wp-json\/wp\/v2\/comments?post=31100"}],"wp:featuredmedia":[{"embeddable":true,"href":"https:\/\/www.pietrantica.it\/de\/wp-json\/wp\/v2\/media\/30472"}],"wp:attachment":[{"href":"https:\/\/www.pietrantica.it\/de\/wp-json\/wp\/v2\/media?parent=31100"}],"curies":[{"name":"wp","href":"https:\/\/api.w.org\/{rel}","templated":true}]}}