{"id":20830,"date":"2020-05-07T10:17:27","date_gmt":"2020-05-07T08:17:27","guid":{"rendered":"http:\/\/new.pietrantica.it\/prodotto\/olio-extra-vergine-025-lt-nude-look\/"},"modified":"2020-08-26T12:05:38","modified_gmt":"2020-08-26T10:05:38","slug":"olio-extra-vergine-025-lt-nude-look","status":"publish","type":"product","link":"https:\/\/www.pietrantica.it\/de\/Produkt\/olio-extra-vergine-025-lt-nude-look\/","title":{"rendered":"Kaltgepresstes Oliven\u00f6l (SCHWARZE EDITION)"},"content":{"rendered":"<p><a href=\"\/wp-content\/uploads\/2020\/05\/olio-extra-NUDE-LOOK_BRT_-0.25-0.50-0.75-1L.pdf\" target=\"\u201d_blank\u201d\" rel=\"noopener noreferrer\"><img loading=\"lazy\" class=\"wp-image-20286 alignleft\" src=\"https:\/\/www.pietrantica.it\/wp-content\/uploads\/2020\/05\/pdf-icon.png\" alt=\"\" width=\"22\" height=\"28\" srcset=\"https:\/\/www.pietrantica.it\/wp-content\/uploads\/2020\/05\/pdf-icon-200x262.png 200w, https:\/\/www.pietrantica.it\/wp-content\/uploads\/2020\/05\/pdf-icon-229x300.png 229w, https:\/\/www.pietrantica.it\/wp-content\/uploads\/2020\/05\/pdf-icon.png 305w\" sizes=\"(max-width: 22px) 100vw, 22px\" \/><\/a><\/p>\n<p class=\"p1\">Datenblatt<\/p>\n","protected":false},"excerpt":{"rendered":"<p class=\"p1\">\u201eOlio extravergine d\u00b4oliva\u201c, 100% italienischer Herkunft, Kaltpressung reifer, gesunder und mit Sorgfalt ausgew\u00e4hlter Oliven. Sie werden nach der Ernte sofort zur M\u00fchle gebracht und verarbeitet. Daher hat das \u00d6l einen lang anhaltenden und leicht fruchtigen Geschmack.<\/p>\n","protected":false},"featured_media":19944,"comment_status":"open","ping_status":"closed","template":"","meta":{"_monsterinsights_skip_tracking":false,"_monsterinsights_sitenote_active":false,"_monsterinsights_sitenote_note":"","_monsterinsights_sitenote_category":0},"_links":{"self":[{"href":"https:\/\/www.pietrantica.it\/de\/wp-json\/wp\/v2\/product\/20830"}],"collection":[{"href":"https:\/\/www.pietrantica.it\/de\/wp-json\/wp\/v2\/product"}],"about":[{"href":"https:\/\/www.pietrantica.it\/de\/wp-json\/wp\/v2\/types\/product"}],"replies":[{"embeddable":true,"href":"https:\/\/www.pietrantica.it\/de\/wp-json\/wp\/v2\/comments?post=20830"}],"wp:featuredmedia":[{"embeddable":true,"href":"https:\/\/www.pietrantica.it\/de\/wp-json\/wp\/v2\/media\/19944"}],"wp:attachment":[{"href":"https:\/\/www.pietrantica.it\/de\/wp-json\/wp\/v2\/media?parent=20830"}],"curies":[{"name":"wp","href":"https:\/\/api.w.org\/{rel}","templated":true}]}}