{"id":20821,"date":"2020-05-05T09:00:14","date_gmt":"2020-05-05T07:00:14","guid":{"rendered":"http:\/\/new.pietrantica.it\/prodotto\/olio-doliva-pietrantica-100-lt\/"},"modified":"2020-08-26T12:05:54","modified_gmt":"2020-08-26T10:05:54","slug":"olio-doliva-pietrantica-100-lt","status":"publish","type":"product","link":"https:\/\/www.pietrantica.it\/de\/Produkt\/olio-doliva-pietrantica-100-lt\/","title":{"rendered":"Oliven\u00f6l"},"content":{"rendered":"<p><a href=\"\/wp-content\/uploads\/2020\/05\/olio-di-oliva-1L-_-2L_-3L_-5L.pdf\" target=\"\u201d_blank\u201d\" rel=\"noopener noreferrer\"><img loading=\"lazy\" class=\"wp-image-20286 alignleft\" src=\"https:\/\/www.pietrantica.it\/wp-content\/uploads\/2020\/05\/pdf-icon.png\" alt=\"\" width=\"22\" height=\"28\" srcset=\"https:\/\/www.pietrantica.it\/wp-content\/uploads\/2020\/05\/pdf-icon-200x262.png 200w, https:\/\/www.pietrantica.it\/wp-content\/uploads\/2020\/05\/pdf-icon-229x300.png 229w, https:\/\/www.pietrantica.it\/wp-content\/uploads\/2020\/05\/pdf-icon.png 305w\" sizes=\"(max-width: 22px) 100vw, 22px\" \/><\/a><\/p>\n<p class=\"p1\">Datenblatt<\/p>\n","protected":false},"excerpt":{"rendered":"<p class=\"p1\">Ein ideales \u00d6l zum frittieren und braten, da es hohen Temperaturen standh\u00e4lt. Das kaltgepresste Oliven\u00f6l, das zu einem hohen Anteil darin enthalten ist, macht es wertvoll und tauglich sowohl bei Tisch als auch in der K\u00fcche.<\/p>\n","protected":false},"featured_media":20142,"comment_status":"open","ping_status":"closed","template":"","meta":{"_monsterinsights_skip_tracking":false,"_monsterinsights_sitenote_active":false,"_monsterinsights_sitenote_note":"","_monsterinsights_sitenote_category":0},"_links":{"self":[{"href":"https:\/\/www.pietrantica.it\/de\/wp-json\/wp\/v2\/product\/20821"}],"collection":[{"href":"https:\/\/www.pietrantica.it\/de\/wp-json\/wp\/v2\/product"}],"about":[{"href":"https:\/\/www.pietrantica.it\/de\/wp-json\/wp\/v2\/types\/product"}],"replies":[{"embeddable":true,"href":"https:\/\/www.pietrantica.it\/de\/wp-json\/wp\/v2\/comments?post=20821"}],"wp:featuredmedia":[{"embeddable":true,"href":"https:\/\/www.pietrantica.it\/de\/wp-json\/wp\/v2\/media\/20142"}],"wp:attachment":[{"href":"https:\/\/www.pietrantica.it\/de\/wp-json\/wp\/v2\/media?parent=20821"}],"curies":[{"name":"wp","href":"https:\/\/api.w.org\/{rel}","templated":true}]}}