{"id":20809,"date":"2020-04-29T18:10:15","date_gmt":"2020-04-29T16:10:15","guid":{"rendered":"http:\/\/new.pietrantica.it\/prodotto\/crema-viso-idratante\/"},"modified":"2020-08-26T12:07:50","modified_gmt":"2020-08-26T10:07:50","slug":"crema-viso-idratante","status":"publish","type":"product","link":"https:\/\/www.pietrantica.it\/de\/Produkt\/crema-viso-idratante\/","title":{"rendered":"Feuchtigkeits creme"},"content":{"rendered":"<p>Sanfte Creme als ausgezeichnete Grundlage f\u00fcr das MakeUp; sie kann immer aufgetragen werden, wenn die Haut Pflege braucht. Wesentliche Inhaltsstoffe: Natives Oliven\u00f6l extra, Malvenextrakt, Karit\u00e9butter, Faktor zur<\/p>\n<p>Befeuchtung der Haut.<\/p>\n","protected":false},"excerpt":{"rendered":"<h3>50 ml<\/h3>\n","protected":false},"featured_media":20148,"comment_status":"open","ping_status":"closed","template":"","meta":{"_monsterinsights_skip_tracking":false,"_monsterinsights_sitenote_active":false,"_monsterinsights_sitenote_note":"","_monsterinsights_sitenote_category":0},"_links":{"self":[{"href":"https:\/\/www.pietrantica.it\/de\/wp-json\/wp\/v2\/product\/20809"}],"collection":[{"href":"https:\/\/www.pietrantica.it\/de\/wp-json\/wp\/v2\/product"}],"about":[{"href":"https:\/\/www.pietrantica.it\/de\/wp-json\/wp\/v2\/types\/product"}],"replies":[{"embeddable":true,"href":"https:\/\/www.pietrantica.it\/de\/wp-json\/wp\/v2\/comments?post=20809"}],"wp:featuredmedia":[{"embeddable":true,"href":"https:\/\/www.pietrantica.it\/de\/wp-json\/wp\/v2\/media\/20148"}],"wp:attachment":[{"href":"https:\/\/www.pietrantica.it\/de\/wp-json\/wp\/v2\/media?parent=20809"}],"curies":[{"name":"wp","href":"https:\/\/api.w.org\/{rel}","templated":true}]}}