{"id":20808,"date":"2020-04-29T18:09:41","date_gmt":"2020-04-29T16:09:41","guid":{"rendered":"http:\/\/new.pietrantica.it\/prodotto\/crema-viso-restitutiva\/"},"modified":"2020-08-20T17:09:20","modified_gmt":"2020-08-20T15:09:20","slug":"crema-viso-restitutiva","status":"publish","type":"product","link":"https:\/\/www.pietrantica.it\/de\/Produkt\/crema-viso-restitutiva\/","title":{"rendered":"Regenerierende Creme"},"content":{"rendered":"<p>Dank ihren reichhaltigen und die Haut zart und geschmeidig machenden Wirkstoffen n\u00e4hrt und kr\u00e4ftigt sie sowohl junge als auch \u201ereife\u201c Haut.<\/p>\n<p>Wesentliche Inhaltsstoffe: Natives Oliven\u00f6l extra, Gel\u00e9e Royal, S\u00fc\u00dfmandel\u00f6l, unverseifbare Inhaltsstoffe aus der Avocado.<\/p>\n","protected":false},"excerpt":{"rendered":"<h3>300 ml<\/h3>\n","protected":false},"featured_media":20148,"comment_status":"open","ping_status":"closed","template":"","meta":{"_monsterinsights_skip_tracking":false,"_monsterinsights_sitenote_active":false,"_monsterinsights_sitenote_note":"","_monsterinsights_sitenote_category":0},"_links":{"self":[{"href":"https:\/\/www.pietrantica.it\/de\/wp-json\/wp\/v2\/product\/20808"}],"collection":[{"href":"https:\/\/www.pietrantica.it\/de\/wp-json\/wp\/v2\/product"}],"about":[{"href":"https:\/\/www.pietrantica.it\/de\/wp-json\/wp\/v2\/types\/product"}],"replies":[{"embeddable":true,"href":"https:\/\/www.pietrantica.it\/de\/wp-json\/wp\/v2\/comments?post=20808"}],"wp:featuredmedia":[{"embeddable":true,"href":"https:\/\/www.pietrantica.it\/de\/wp-json\/wp\/v2\/media\/20148"}],"wp:attachment":[{"href":"https:\/\/www.pietrantica.it\/de\/wp-json\/wp\/v2\/media?parent=20808"}],"curies":[{"name":"wp","href":"https:\/\/api.w.org\/{rel}","templated":true}]}}