{"id":20806,"date":"2020-04-29T18:00:23","date_gmt":"2020-04-29T16:00:23","guid":{"rendered":"http:\/\/new.pietrantica.it\/prodotto\/caffe-tostato-con-legna-di-ulivo-pietrantica-macinato\/"},"modified":"2020-08-20T16:47:50","modified_gmt":"2020-08-20T14:47:50","slug":"caffe-tostato-con-legna-di-ulivo-pietrantica-macinato","status":"publish","type":"product","link":"https:\/\/www.pietrantica.it\/de\/Produkt\/caffe-tostato-con-legna-di-ulivo-pietrantica-macinato\/","title":{"rendered":"Auf Olivenholz ger\u00f6steter Kaff\u00e9e (Bohnen)"},"content":{"rendered":"<p class=\"p1\">Hier stellen wir Ihnen eine Reihe von s\u00fc\u00dfen und salzigen Produkten vor, die Sie sowohl in der K\u00fcche als auch f\u00fcr einen Aperitif und einen gem\u00fctlichen Plausch mit Freunden oder einfach so zwischendurch als Leckerei genie\u00dfen k\u00f6nnen.<\/p>\n","protected":false},"excerpt":{"rendered":"<h3>250 gr<\/h3>\n","protected":false},"featured_media":20137,"comment_status":"open","ping_status":"closed","template":"","meta":{"_monsterinsights_skip_tracking":false,"_monsterinsights_sitenote_active":false,"_monsterinsights_sitenote_note":"","_monsterinsights_sitenote_category":0},"_links":{"self":[{"href":"https:\/\/www.pietrantica.it\/de\/wp-json\/wp\/v2\/product\/20806"}],"collection":[{"href":"https:\/\/www.pietrantica.it\/de\/wp-json\/wp\/v2\/product"}],"about":[{"href":"https:\/\/www.pietrantica.it\/de\/wp-json\/wp\/v2\/types\/product"}],"replies":[{"embeddable":true,"href":"https:\/\/www.pietrantica.it\/de\/wp-json\/wp\/v2\/comments?post=20806"}],"wp:featuredmedia":[{"embeddable":true,"href":"https:\/\/www.pietrantica.it\/de\/wp-json\/wp\/v2\/media\/20137"}],"wp:attachment":[{"href":"https:\/\/www.pietrantica.it\/de\/wp-json\/wp\/v2\/media?parent=20806"}],"curies":[{"name":"wp","href":"https:\/\/api.w.org\/{rel}","templated":true}]}}