{"id":20805,"date":"2020-04-29T17:34:52","date_gmt":"2020-04-29T15:34:52","guid":{"rendered":"http:\/\/new.pietrantica.it\/prodotto\/ciappe-della-liguria-allolio-extra-vergine-di-oliva\/"},"modified":"2020-05-28T10:16:50","modified_gmt":"2020-05-28T08:16:50","slug":"ciappe-della-liguria-allolio-extra-vergine-di-oliva","status":"publish","type":"product","link":"https:\/\/www.pietrantica.it\/de\/Produkt\/ciappe-della-liguria-allolio-extra-vergine-di-oliva\/","title":{"rendered":"Ciappe della Liguria all\u2019olio extra vergine di oliva"},"content":{"rendered":"<p><a href=\"\/wp-content\/uploads\/2020\/05\/ciappe-allolio-di-oliva-140g.pdf\" target=\"_blank\" rel=\"noopener noreferrer\"><img loading=\"lazy\" class=\"wp-image-20286 alignleft\" src=\"https:\/\/www.pietrantica.it\/wp-content\/uploads\/2020\/05\/pdf-icon.png\" alt=\"\" width=\"22\" height=\"28\" srcset=\"https:\/\/www.pietrantica.it\/wp-content\/uploads\/2020\/05\/pdf-icon-200x262.png 200w, https:\/\/www.pietrantica.it\/wp-content\/uploads\/2020\/05\/pdf-icon-229x300.png 229w, https:\/\/www.pietrantica.it\/wp-content\/uploads\/2020\/05\/pdf-icon.png 305w\" sizes=\"(max-width: 22px) 100vw, 22px\" \/><\/a><\/p>\n<p class=\"p1\">Datenblatt<\/p>\n","protected":false},"excerpt":{"rendered":"<h3>140 gr<\/h3>\n<p class=\"p1\">Hier stellen wir Ihnen eine Reihe von s\u00fc\u00dfen und salzigen Produkten vor, die Sie sowohl in der K\u00fcche als auch f\u00fcr einen Aperitif und einen gem\u00fctlichen Plausch mit Freunden oder einfach so zwischendurch als Leckerei genie\u00dfen k\u00f6nnen.<\/p>\n","protected":false},"featured_media":20132,"comment_status":"open","ping_status":"closed","template":"","meta":{"_monsterinsights_skip_tracking":false,"_monsterinsights_sitenote_active":false,"_monsterinsights_sitenote_note":"","_monsterinsights_sitenote_category":0},"_links":{"self":[{"href":"https:\/\/www.pietrantica.it\/de\/wp-json\/wp\/v2\/product\/20805"}],"collection":[{"href":"https:\/\/www.pietrantica.it\/de\/wp-json\/wp\/v2\/product"}],"about":[{"href":"https:\/\/www.pietrantica.it\/de\/wp-json\/wp\/v2\/types\/product"}],"replies":[{"embeddable":true,"href":"https:\/\/www.pietrantica.it\/de\/wp-json\/wp\/v2\/comments?post=20805"}],"wp:featuredmedia":[{"embeddable":true,"href":"https:\/\/www.pietrantica.it\/de\/wp-json\/wp\/v2\/media\/20132"}],"wp:attachment":[{"href":"https:\/\/www.pietrantica.it\/de\/wp-json\/wp\/v2\/media?parent=20805"}],"curies":[{"name":"wp","href":"https:\/\/api.w.org\/{rel}","templated":true}]}}