{"id":20803,"date":"2020-04-25T12:52:41","date_gmt":"2020-04-25T10:52:41","guid":{"rendered":"http:\/\/new.pietrantica.it\/prodotto\/sapone-3\/"},"modified":"2020-08-20T17:08:02","modified_gmt":"2020-08-20T15:08:02","slug":"sapone-3","status":"publish","type":"product","link":"https:\/\/www.pietrantica.it\/de\/Produkt\/sapone-3\/","title":{"rendered":"Anti-Faltencreme"},"content":{"rendered":"<p>Ein st\u00e4ndiger Gebrauch dieser hochwertigen Creme gestattet ein Verlangsamen des Aufkommens an Falten und sorgt f\u00fcr Straffung erschlaffender Haut. Wesentliche Inhaltsstoffe: Natives Oliven\u00f6l extra, Karit\u00e9butter,<\/p>\n<p>Hopfenextrakt, Wildrosen\u00f6l, Vitamin E und A.<\/p>\n","protected":false},"excerpt":{"rendered":"<h3>200<span style=\"font-size: 16px;\"> ml<\/span><\/h3>\n","protected":false},"featured_media":20148,"comment_status":"open","ping_status":"closed","template":"","meta":{"_monsterinsights_skip_tracking":false,"_monsterinsights_sitenote_active":false,"_monsterinsights_sitenote_note":"","_monsterinsights_sitenote_category":0},"_links":{"self":[{"href":"https:\/\/www.pietrantica.it\/de\/wp-json\/wp\/v2\/product\/20803"}],"collection":[{"href":"https:\/\/www.pietrantica.it\/de\/wp-json\/wp\/v2\/product"}],"about":[{"href":"https:\/\/www.pietrantica.it\/de\/wp-json\/wp\/v2\/types\/product"}],"replies":[{"embeddable":true,"href":"https:\/\/www.pietrantica.it\/de\/wp-json\/wp\/v2\/comments?post=20803"}],"wp:featuredmedia":[{"embeddable":true,"href":"https:\/\/www.pietrantica.it\/de\/wp-json\/wp\/v2\/media\/20148"}],"wp:attachment":[{"href":"https:\/\/www.pietrantica.it\/de\/wp-json\/wp\/v2\/media?parent=20803"}],"curies":[{"name":"wp","href":"https:\/\/api.w.org\/{rel}","templated":true}]}}