{"id":20801,"date":"2020-04-25T12:46:15","date_gmt":"2020-04-25T10:46:15","guid":{"rendered":"http:\/\/new.pietrantica.it\/prodotto\/confetture\/"},"modified":"2020-08-20T16:24:39","modified_gmt":"2020-08-20T14:24:39","slug":"confetture","status":"publish","type":"product","link":"https:\/\/www.pietrantica.it\/de\/Produkt\/confetture\/","title":{"rendered":"Konfiture"},"content":{"rendered":"<p class=\"p1\">Unsere Marmeladen und Konfit\u00fcren werden auch heute noch nach den traditionellen Rezepten, die einst unsere Gro\u00dfm\u00fctter benutzten, hergestellt.<\/p>\n<p class=\"p1\">Zu verwenden beim Kochen, Backen oder zum Fr\u00fchst\u00fcck, schmecken sie aber auch einfach so \u2013 l\u00f6ffelweise &#8211;<span class=\"Apple-converted-space\">\u00a0 <\/span>k\u00f6stlich.<\/p>\n<p><a href=\"\/schede-tecniche-marmellate-e-confetture\/\" target=\"\u201d_blank\u201d\" rel=\"noopener noreferrer\"><img loading=\"lazy\" class=\"wp-image-20286 alignleft\" src=\"https:\/\/www.pietrantica.it\/wp-content\/uploads\/2020\/05\/pdf-icon.png\" alt=\"\" width=\"22\" height=\"28\" srcset=\"https:\/\/www.pietrantica.it\/wp-content\/uploads\/2020\/05\/pdf-icon-200x262.png 200w, https:\/\/www.pietrantica.it\/wp-content\/uploads\/2020\/05\/pdf-icon-229x300.png 229w, https:\/\/www.pietrantica.it\/wp-content\/uploads\/2020\/05\/pdf-icon.png 305w\" sizes=\"(max-width: 22px) 100vw, 22px\" \/><\/a><\/p>\n<p class=\"p1\">Datenblatt<\/p>\n","protected":false},"excerpt":{"rendered":"<h3>345 gr<\/h3>\n<p class=\"p1\">F\u00fcr unsere Marmeladen wird ausschlie\u00dflich frisches Obst verwendet. Daher kann es passieren, dass nicht immer alle Sorten verf\u00fcgbar sind.<\/p>\n<p class=\"p1\">Gerne geben wir Ihnen auf Nachfrage Auskunft \u00fcber die Lieferbarkeit.<\/p>\n","protected":false},"featured_media":19970,"comment_status":"open","ping_status":"closed","template":"","meta":{"_monsterinsights_skip_tracking":false,"_monsterinsights_sitenote_active":false,"_monsterinsights_sitenote_note":"","_monsterinsights_sitenote_category":0},"_links":{"self":[{"href":"https:\/\/www.pietrantica.it\/de\/wp-json\/wp\/v2\/product\/20801"}],"collection":[{"href":"https:\/\/www.pietrantica.it\/de\/wp-json\/wp\/v2\/product"}],"about":[{"href":"https:\/\/www.pietrantica.it\/de\/wp-json\/wp\/v2\/types\/product"}],"replies":[{"embeddable":true,"href":"https:\/\/www.pietrantica.it\/de\/wp-json\/wp\/v2\/comments?post=20801"}],"wp:featuredmedia":[{"embeddable":true,"href":"https:\/\/www.pietrantica.it\/de\/wp-json\/wp\/v2\/media\/19970"}],"wp:attachment":[{"href":"https:\/\/www.pietrantica.it\/de\/wp-json\/wp\/v2\/media?parent=20801"}],"curies":[{"name":"wp","href":"https:\/\/api.w.org\/{rel}","templated":true}]}}