{"id":20800,"date":"2020-04-25T12:41:53","date_gmt":"2020-04-25T10:41:53","guid":{"rendered":"http:\/\/new.pietrantica.it\/prodotto\/carciofi-sottolio\/"},"modified":"2020-08-20T16:50:44","modified_gmt":"2020-08-20T14:50:44","slug":"carciofi-sottolio","status":"publish","type":"product","link":"https:\/\/www.pietrantica.it\/de\/Produkt\/carciofi-sottolio\/","title":{"rendered":"Artischockenherzen in \u00d6l"},"content":{"rendered":"<p><a href=\"\/wp-content\/uploads\/2020\/05\/carciofi-sottolio-180g.pdf\" target=\"\u201d_blank\u201d\" rel=\"noopener noreferrer\"><img loading=\"lazy\" class=\"wp-image-20286 alignleft\" src=\"https:\/\/www.pietrantica.it\/wp-content\/uploads\/2020\/05\/pdf-icon.png\" alt=\"\" width=\"22\" height=\"28\" srcset=\"https:\/\/www.pietrantica.it\/wp-content\/uploads\/2020\/05\/pdf-icon-200x262.png 200w, https:\/\/www.pietrantica.it\/wp-content\/uploads\/2020\/05\/pdf-icon-229x300.png 229w, https:\/\/www.pietrantica.it\/wp-content\/uploads\/2020\/05\/pdf-icon.png 305w\" sizes=\"(max-width: 22px) 100vw, 22px\" \/><\/a><\/p>\n<p class=\"p1\">Datenblatt<\/p>\n","protected":false},"excerpt":{"rendered":"<h3>200 gr<\/h3>\n<p class=\"p1\">Hier stellen wir Ihnen eine Reihe von s\u00fc\u00dfen und salzigen Produkten vor, die Sie sowohl in der K\u00fcche als auch f\u00fcr einen Aperitif und einen gem\u00fctlichen Plausch mit Freunden oder einfach so zwischendurch als Leckerei genie\u00dfen k\u00f6nnen.<\/p>\n","protected":false},"featured_media":20092,"comment_status":"open","ping_status":"closed","template":"","meta":{"_monsterinsights_skip_tracking":false,"_monsterinsights_sitenote_active":false,"_monsterinsights_sitenote_note":"","_monsterinsights_sitenote_category":0},"_links":{"self":[{"href":"https:\/\/www.pietrantica.it\/de\/wp-json\/wp\/v2\/product\/20800"}],"collection":[{"href":"https:\/\/www.pietrantica.it\/de\/wp-json\/wp\/v2\/product"}],"about":[{"href":"https:\/\/www.pietrantica.it\/de\/wp-json\/wp\/v2\/types\/product"}],"replies":[{"embeddable":true,"href":"https:\/\/www.pietrantica.it\/de\/wp-json\/wp\/v2\/comments?post=20800"}],"wp:featuredmedia":[{"embeddable":true,"href":"https:\/\/www.pietrantica.it\/de\/wp-json\/wp\/v2\/media\/20092"}],"wp:attachment":[{"href":"https:\/\/www.pietrantica.it\/de\/wp-json\/wp\/v2\/media?parent=20800"}],"curies":[{"name":"wp","href":"https:\/\/api.w.org\/{rel}","templated":true}]}}