{"id":20795,"date":"2020-04-25T12:38:59","date_gmt":"2020-04-25T10:38:59","guid":{"rendered":"http:\/\/new.pietrantica.it\/prodotto\/peperoncini-ripieni-tonno-e-capperi\/"},"modified":"2020-08-20T16:52:02","modified_gmt":"2020-08-20T14:52:02","slug":"peperoncini-ripieni-tonno-e-capperi","status":"publish","type":"product","link":"https:\/\/www.pietrantica.it\/de\/Produkt\/peperoncini-ripieni-tonno-e-capperi\/","title":{"rendered":"Chili gef\u00fcllt mit Thunfisch und Kapern"},"content":{"rendered":"<p><a href=\"\/wp-content\/uploads\/2020\/05\/peperoncini-ripieni-sottolio-180g.pdf\" target=\"\u201d_blank\u201d\" rel=\"noopener noreferrer\"><img loading=\"lazy\" class=\"wp-image-20284 alignleft\" src=\"https:\/\/www.pietrantica.it\/wp-content\/uploads\/2020\/05\/pdf-icon.png\" alt=\"\" width=\"22\" height=\"28\" srcset=\"https:\/\/www.pietrantica.it\/wp-content\/uploads\/2020\/05\/pdf-icon-200x262.png 200w, https:\/\/www.pietrantica.it\/wp-content\/uploads\/2020\/05\/pdf-icon-229x300.png 229w, https:\/\/www.pietrantica.it\/wp-content\/uploads\/2020\/05\/pdf-icon.png 305w\" sizes=\"(max-width: 22px) 100vw, 22px\" \/><\/a> Datenblatt<\/p>\n","protected":false},"excerpt":{"rendered":"<h3>190 gr<\/h3>\n<p class=\"p1\">Hier stellen wir Ihnen eine Reihe von s\u00fc\u00dfen und salzigen Produkten vor, die Sie sowohl in der K\u00fcche als auch f\u00fcr einen Aperitif und einen gem\u00fctlichen Plausch mit Freunden oder einfach so zwischendurch als Leckerei genie\u00dfen k\u00f6nnen.<\/p>\n","protected":false},"featured_media":20092,"comment_status":"open","ping_status":"closed","template":"","meta":{"_monsterinsights_skip_tracking":false,"_monsterinsights_sitenote_active":false,"_monsterinsights_sitenote_note":"","_monsterinsights_sitenote_category":0},"_links":{"self":[{"href":"https:\/\/www.pietrantica.it\/de\/wp-json\/wp\/v2\/product\/20795"}],"collection":[{"href":"https:\/\/www.pietrantica.it\/de\/wp-json\/wp\/v2\/product"}],"about":[{"href":"https:\/\/www.pietrantica.it\/de\/wp-json\/wp\/v2\/types\/product"}],"replies":[{"embeddable":true,"href":"https:\/\/www.pietrantica.it\/de\/wp-json\/wp\/v2\/comments?post=20795"}],"wp:featuredmedia":[{"embeddable":true,"href":"https:\/\/www.pietrantica.it\/de\/wp-json\/wp\/v2\/media\/20092"}],"wp:attachment":[{"href":"https:\/\/www.pietrantica.it\/de\/wp-json\/wp\/v2\/media?parent=20795"}],"curies":[{"name":"wp","href":"https:\/\/api.w.org\/{rel}","templated":true}]}}