{"id":20789,"date":"2020-04-25T12:28:02","date_gmt":"2020-04-25T10:28:02","guid":{"rendered":"http:\/\/new.pietrantica.it\/prodotto\/olive-snocciolate-sottolio-pietrantica-185-gr\/"},"modified":"2020-08-20T16:05:17","modified_gmt":"2020-08-20T14:05:17","slug":"olive-snocciolate-sottolio-pietrantica-185-gr","status":"publish","type":"product","link":"https:\/\/www.pietrantica.it\/de\/Produkt\/olive-snocciolate-sottolio-pietrantica-185-gr\/","title":{"rendered":"Oliven ohne Stein in Oliven\u00f6l"},"content":{"rendered":"<p><a href=\"\/wp-content\/uploads\/2020\/05\/olive-taggiasche-snocciolate-180g_-ME-1.pdf\" target=\"_blank\" rel=\"noopener noreferrer\"><img loading=\"lazy\" class=\"wp-image-20286 alignleft\" src=\"https:\/\/www.pietrantica.it\/wp-content\/uploads\/2020\/05\/pdf-icon.png\" alt=\"\" width=\"22\" height=\"28\" srcset=\"https:\/\/www.pietrantica.it\/wp-content\/uploads\/2020\/05\/pdf-icon-200x262.png 200w, https:\/\/www.pietrantica.it\/wp-content\/uploads\/2020\/05\/pdf-icon-229x300.png 229w, https:\/\/www.pietrantica.it\/wp-content\/uploads\/2020\/05\/pdf-icon.png 305w\" sizes=\"(max-width: 22px) 100vw, 22px\" \/><\/a> Datenblatt 180 gr<\/p>\n<p><a href=\"\/wp-content\/uploads\/2020\/05\/olive-taggiasche-snocciolate-900g_-ME-1.pdf\" target=\"_blank\" rel=\"noopener noreferrer\"><img loading=\"lazy\" class=\"wp-image-20286 alignleft\" src=\"https:\/\/www.pietrantica.it\/wp-content\/uploads\/2020\/05\/pdf-icon.png\" alt=\"\" width=\"22\" height=\"28\" srcset=\"https:\/\/www.pietrantica.it\/wp-content\/uploads\/2020\/05\/pdf-icon-200x262.png 200w, https:\/\/www.pietrantica.it\/wp-content\/uploads\/2020\/05\/pdf-icon-229x300.png 229w, https:\/\/www.pietrantica.it\/wp-content\/uploads\/2020\/05\/pdf-icon.png 305w\" sizes=\"(max-width: 22px) 100vw, 22px\" \/><\/a> Datenblatt 900 gr<\/p>\n","protected":false},"excerpt":{"rendered":"<p class=\"p1\">Wir stellen Ihnen die K\u00f6nigin der ligurischen K\u00fcche vor: die Taggiascaolive.<\/p>\n<p class=\"p1\">Klein und sehr wohlschmeckend \u2013 die Taggiascaolive gibt es nur in der Provinz Imperia, im Westen Liguriens.<\/p>\n<p class=\"p1\">Wir bieten sie in zwei Varianten an: die erste, in Wasser, Salz und ligurischen Kr\u00e4utern, die zweite, nachdem sie sorgf\u00e4ltig entsteint wurden, eingelegt in kaltgepresstes Oliven\u00f6l.<\/p>\n","protected":false},"featured_media":20079,"comment_status":"open","ping_status":"closed","template":"","meta":{"_monsterinsights_skip_tracking":false,"_monsterinsights_sitenote_active":false,"_monsterinsights_sitenote_note":"","_monsterinsights_sitenote_category":0},"_links":{"self":[{"href":"https:\/\/www.pietrantica.it\/de\/wp-json\/wp\/v2\/product\/20789"}],"collection":[{"href":"https:\/\/www.pietrantica.it\/de\/wp-json\/wp\/v2\/product"}],"about":[{"href":"https:\/\/www.pietrantica.it\/de\/wp-json\/wp\/v2\/types\/product"}],"replies":[{"embeddable":true,"href":"https:\/\/www.pietrantica.it\/de\/wp-json\/wp\/v2\/comments?post=20789"}],"wp:featuredmedia":[{"embeddable":true,"href":"https:\/\/www.pietrantica.it\/de\/wp-json\/wp\/v2\/media\/20079"}],"wp:attachment":[{"href":"https:\/\/www.pietrantica.it\/de\/wp-json\/wp\/v2\/media?parent=20789"}],"curies":[{"name":"wp","href":"https:\/\/api.w.org\/{rel}","templated":true}]}}