{"id":20788,"date":"2020-04-25T12:29:50","date_gmt":"2020-04-25T10:29:50","guid":{"rendered":"http:\/\/new.pietrantica.it\/prodotto\/olive-in-salamoia-pietrantica-refill-250-gr\/"},"modified":"2020-08-20T16:05:04","modified_gmt":"2020-08-20T14:05:04","slug":"olive-in-salamoia-pietrantica-refill-250-gr","status":"publish","type":"product","link":"https:\/\/www.pietrantica.it\/de\/Produkt\/olive-in-salamoia-pietrantica-refill-250-gr\/","title":{"rendered":"Oliven in Salzlake (Nylons\u00e4ckchen)"},"content":{"rendered":"<p class=\"p1\">Wir stellen Ihnen die K\u00f6nigin der ligurischen K\u00fcche vor: die Taggiascaolive.<\/p>\n<p class=\"p1\">Klein und sehr wohlschmeckend \u2013 die Taggiascaolive gibt es nur in der Provinz Imperia, im Westen Liguriens.<\/p>\n<p class=\"p1\">Wir bieten sie in zwei Varianten an: die erste, in Wasser, Salz und ligurischen Kr\u00e4utern, die zweite, nachdem sie sorgf\u00e4ltig entsteint wurden, eingelegt in kaltgepresstes Oliven\u00f6l.<\/p>\n","protected":false},"excerpt":{"rendered":"<p>Wir stellen Ihnen die K\u00f6nigin der ligurischen K\u00fcche vor: die [&hellip;]<\/p>\n","protected":false},"featured_media":20118,"comment_status":"open","ping_status":"closed","template":"","meta":{"_monsterinsights_skip_tracking":false,"_monsterinsights_sitenote_active":false,"_monsterinsights_sitenote_note":"","_monsterinsights_sitenote_category":0},"_links":{"self":[{"href":"https:\/\/www.pietrantica.it\/de\/wp-json\/wp\/v2\/product\/20788"}],"collection":[{"href":"https:\/\/www.pietrantica.it\/de\/wp-json\/wp\/v2\/product"}],"about":[{"href":"https:\/\/www.pietrantica.it\/de\/wp-json\/wp\/v2\/types\/product"}],"replies":[{"embeddable":true,"href":"https:\/\/www.pietrantica.it\/de\/wp-json\/wp\/v2\/comments?post=20788"}],"wp:featuredmedia":[{"embeddable":true,"href":"https:\/\/www.pietrantica.it\/de\/wp-json\/wp\/v2\/media\/20118"}],"wp:attachment":[{"href":"https:\/\/www.pietrantica.it\/de\/wp-json\/wp\/v2\/media?parent=20788"}],"curies":[{"name":"wp","href":"https:\/\/api.w.org\/{rel}","templated":true}]}}