{"id":20784,"date":"2020-04-25T12:25:23","date_gmt":"2020-04-25T10:25:23","guid":{"rendered":"http:\/\/new.pietrantica.it\/prodotto\/pate-di-olive-130-gr\/"},"modified":"2020-08-20T16:10:46","modified_gmt":"2020-08-20T14:10:46","slug":"pate-di-olive-130-gr","status":"publish","type":"product","link":"https:\/\/www.pietrantica.it\/de\/Produkt\/pate-di-olive-130-gr\/","title":{"rendered":"Olivenpat\u00e9\u00a0"},"content":{"rendered":"<p><a href=\"\/wp-content\/uploads\/2020\/05\/pate\u0300-di-olive-taggiasche-130-180-900g.pdf\" target=\"\u201d_blank\u201d\" rel=\"noopener noreferrer\"><img loading=\"lazy\" class=\"wp-image-20286 alignleft\" src=\"https:\/\/www.pietrantica.it\/wp-content\/uploads\/2020\/05\/pdf-icon.png\" alt=\"\" width=\"22\" height=\"28\" srcset=\"https:\/\/www.pietrantica.it\/wp-content\/uploads\/2020\/05\/pdf-icon-200x262.png 200w, https:\/\/www.pietrantica.it\/wp-content\/uploads\/2020\/05\/pdf-icon-229x300.png 229w, https:\/\/www.pietrantica.it\/wp-content\/uploads\/2020\/05\/pdf-icon.png 305w\" sizes=\"(max-width: 22px) 100vw, 22px\" \/><\/a><\/p>\n<p class=\"p1\">Datenblatt<\/p>\n","protected":false},"excerpt":{"rendered":"<p class=\"p1\">Die kostbaren Taggiascaoliven werden entsteint und gepresst und es entsteht eine Olivencreme, die f\u00fcr jede Art der Zubereitung verwendet werden kann: als Aufstrich, als W\u00fcrze f\u00fcr salzigen Teig, zu Spaghetti, Salaten und vielen anderen Gerichten.<\/p>\n","protected":false},"featured_media":20069,"comment_status":"open","ping_status":"closed","template":"","meta":{"_monsterinsights_skip_tracking":false,"_monsterinsights_sitenote_active":false,"_monsterinsights_sitenote_note":"","_monsterinsights_sitenote_category":0},"_links":{"self":[{"href":"https:\/\/www.pietrantica.it\/de\/wp-json\/wp\/v2\/product\/20784"}],"collection":[{"href":"https:\/\/www.pietrantica.it\/de\/wp-json\/wp\/v2\/product"}],"about":[{"href":"https:\/\/www.pietrantica.it\/de\/wp-json\/wp\/v2\/types\/product"}],"replies":[{"embeddable":true,"href":"https:\/\/www.pietrantica.it\/de\/wp-json\/wp\/v2\/comments?post=20784"}],"wp:featuredmedia":[{"embeddable":true,"href":"https:\/\/www.pietrantica.it\/de\/wp-json\/wp\/v2\/media\/20069"}],"wp:attachment":[{"href":"https:\/\/www.pietrantica.it\/de\/wp-json\/wp\/v2\/media?parent=20784"}],"curies":[{"name":"wp","href":"https:\/\/api.w.org\/{rel}","templated":true}]}}