{"id":20783,"date":"2020-04-25T12:23:20","date_gmt":"2020-04-25T10:23:20","guid":{"rendered":"http:\/\/new.pietrantica.it\/prodotto\/pate-di-olive-taggiasche-e-pesto\/"},"modified":"2020-08-20T16:11:10","modified_gmt":"2020-08-20T14:11:10","slug":"pate-di-olive-taggiasche-e-pesto","status":"publish","type":"product","link":"https:\/\/www.pietrantica.it\/de\/Produkt\/pate-di-olive-taggiasche-e-pesto\/","title":{"rendered":"Pat\u00e9 aus Taggiasca-Oliven und Pesto"},"content":{"rendered":"<p class=\"p1\">Die kostbaren Taggiascaoliven werden entsteint und gepresst und es entsteht eine Olivencreme, die f\u00fcr jede Art der Zubereitung verwendet werden kann: als Aufstrich, als W\u00fcrze f\u00fcr salzigen Teig, zu Spaghetti, Salaten und vielen anderen Gerichten.<\/p>\n","protected":false},"excerpt":{"rendered":"<h3>180 gr<\/h3>\n","protected":false},"featured_media":20069,"comment_status":"open","ping_status":"closed","template":"","meta":{"_monsterinsights_skip_tracking":false,"_monsterinsights_sitenote_active":false,"_monsterinsights_sitenote_note":"","_monsterinsights_sitenote_category":0},"_links":{"self":[{"href":"https:\/\/www.pietrantica.it\/de\/wp-json\/wp\/v2\/product\/20783"}],"collection":[{"href":"https:\/\/www.pietrantica.it\/de\/wp-json\/wp\/v2\/product"}],"about":[{"href":"https:\/\/www.pietrantica.it\/de\/wp-json\/wp\/v2\/types\/product"}],"replies":[{"embeddable":true,"href":"https:\/\/www.pietrantica.it\/de\/wp-json\/wp\/v2\/comments?post=20783"}],"wp:featuredmedia":[{"embeddable":true,"href":"https:\/\/www.pietrantica.it\/de\/wp-json\/wp\/v2\/media\/20069"}],"wp:attachment":[{"href":"https:\/\/www.pietrantica.it\/de\/wp-json\/wp\/v2\/media?parent=20783"}],"curies":[{"name":"wp","href":"https:\/\/api.w.org\/{rel}","templated":true}]}}