{"id":20760,"date":"2020-04-25T11:29:18","date_gmt":"2020-04-25T09:29:18","guid":{"rendered":"http:\/\/new.pietrantica.it\/prodotto\/sugo-ligure\/"},"modified":"2020-08-20T16:41:12","modified_gmt":"2020-08-20T14:41:12","slug":"sugo-ligure","status":"publish","type":"product","link":"https:\/\/www.pietrantica.it\/de\/Produkt\/sugo-ligure\/","title":{"rendered":"Ligurisch (mit Basilikum)"},"content":{"rendered":"<p class=\"p1\">f\u00fcr Nudelgerichte jeglicher Art oder als W\u00fcrzmittel. Die Saucen sind fertig zum Verzehr oder k\u00f6nnen mit weiteren Zutaten verfeinert werden. Wir bieten Ihnen den ganz schlichten \u201csugo alla ligure\u201d &#8211; Tomatensauce und Basilikum,<span class=\"Apple-converted-space\">\u00a0 <\/span>oder z.B. Tomatensauce mit Thunfisch, mit Gem\u00fcse, mit Chili und vielen weiteren Variant<\/p>\n","protected":false},"excerpt":{"rendered":"<h3>180 gr<\/h3>\n","protected":false},"featured_media":20014,"comment_status":"open","ping_status":"closed","template":"","meta":{"_monsterinsights_skip_tracking":false,"_monsterinsights_sitenote_active":false,"_monsterinsights_sitenote_note":"","_monsterinsights_sitenote_category":0},"_links":{"self":[{"href":"https:\/\/www.pietrantica.it\/de\/wp-json\/wp\/v2\/product\/20760"}],"collection":[{"href":"https:\/\/www.pietrantica.it\/de\/wp-json\/wp\/v2\/product"}],"about":[{"href":"https:\/\/www.pietrantica.it\/de\/wp-json\/wp\/v2\/types\/product"}],"replies":[{"embeddable":true,"href":"https:\/\/www.pietrantica.it\/de\/wp-json\/wp\/v2\/comments?post=20760"}],"wp:featuredmedia":[{"embeddable":true,"href":"https:\/\/www.pietrantica.it\/de\/wp-json\/wp\/v2\/media\/20014"}],"wp:attachment":[{"href":"https:\/\/www.pietrantica.it\/de\/wp-json\/wp\/v2\/media?parent=20760"}],"curies":[{"name":"wp","href":"https:\/\/api.w.org\/{rel}","templated":true}]}}