{"id":20756,"date":"2020-04-25T11:27:05","date_gmt":"2020-04-25T09:27:05","guid":{"rendered":"http:\/\/new.pietrantica.it\/prodotto\/sugo-al-tonno\/"},"modified":"2020-08-20T16:42:54","modified_gmt":"2020-08-20T14:42:54","slug":"sugo-al-tonno","status":"publish","type":"product","link":"https:\/\/www.pietrantica.it\/de\/Produkt\/sugo-al-tonno\/","title":{"rendered":"mit Thunfisch"},"content":{"rendered":"<p><a href=\"\/wp-content\/uploads\/2020\/05\/sugo-al-tonno-180g.pdf\" target=\"\u201d_blank\u201d\" rel=\"noopener noreferrer\"><img loading=\"lazy\" class=\"wp-image-20286 alignleft\" src=\"https:\/\/www.pietrantica.it\/wp-content\/uploads\/2020\/05\/pdf-icon.png\" alt=\"\" width=\"22\" height=\"28\" srcset=\"https:\/\/www.pietrantica.it\/wp-content\/uploads\/2020\/05\/pdf-icon-200x262.png 200w, https:\/\/www.pietrantica.it\/wp-content\/uploads\/2020\/05\/pdf-icon-229x300.png 229w, https:\/\/www.pietrantica.it\/wp-content\/uploads\/2020\/05\/pdf-icon.png 305w\" sizes=\"(max-width: 22px) 100vw, 22px\" \/><\/a><\/p>\n<p class=\"p1\">Datenblatt<\/p>\n","protected":false},"excerpt":{"rendered":"<h3>180 gr<\/h3>\n<p class=\"p1\">f\u00fcr Nudelgerichte jeglicher Art oder als W\u00fcrzmittel. Die Saucen sind fertig zum Verzehr oder k\u00f6nnen mit weiteren Zutaten verfeinert werden. Wir bieten Ihnen den ganz schlichten \u201csugo alla ligure\u201d &#8211; Tomatensauce und Basilikum,<span class=\"Apple-converted-space\">\u00a0 <\/span>oder z.B. Tomatensauce mit Thunfisch, mit Gem\u00fcse, mit Chili und vielen weiteren Varianten.<\/p>\n","protected":false},"featured_media":20014,"comment_status":"open","ping_status":"closed","template":"","meta":{"_monsterinsights_skip_tracking":false,"_monsterinsights_sitenote_active":false,"_monsterinsights_sitenote_note":"","_monsterinsights_sitenote_category":0},"_links":{"self":[{"href":"https:\/\/www.pietrantica.it\/de\/wp-json\/wp\/v2\/product\/20756"}],"collection":[{"href":"https:\/\/www.pietrantica.it\/de\/wp-json\/wp\/v2\/product"}],"about":[{"href":"https:\/\/www.pietrantica.it\/de\/wp-json\/wp\/v2\/types\/product"}],"replies":[{"embeddable":true,"href":"https:\/\/www.pietrantica.it\/de\/wp-json\/wp\/v2\/comments?post=20756"}],"wp:featuredmedia":[{"embeddable":true,"href":"https:\/\/www.pietrantica.it\/de\/wp-json\/wp\/v2\/media\/20014"}],"wp:attachment":[{"href":"https:\/\/www.pietrantica.it\/de\/wp-json\/wp\/v2\/media?parent=20756"}],"curies":[{"name":"wp","href":"https:\/\/api.w.org\/{rel}","templated":true}]}}