{"id":20739,"date":"2020-04-25T11:08:08","date_gmt":"2020-04-25T09:08:08","guid":{"rendered":"http:\/\/new.pietrantica.it\/prodotto\/tonno-in-briciole-pietrantica-190-gr\/"},"modified":"2020-08-20T16:34:21","modified_gmt":"2020-08-20T14:34:21","slug":"tonno-in-briciole-pietrantica-190-gr","status":"publish","type":"product","link":"https:\/\/www.pietrantica.it\/de\/Produkt\/tonno-in-briciole-pietrantica-190-gr\/","title":{"rendered":"Thunfisch in St\u00fcckchen"},"content":{"rendered":"<p><a href=\"\/wp-content\/uploads\/2020\/05\/tonno-in-briciole-200-540-g.pdf\" target=\"\u201d_blank\u201d\" rel=\"noopener noreferrer\"><img loading=\"lazy\" class=\"wp-image-20284 alignleft\" src=\"https:\/\/www.pietrantica.it\/wp-content\/uploads\/2020\/05\/pdf-icon.png\" alt=\"\" width=\"22\" height=\"28\" srcset=\"https:\/\/www.pietrantica.it\/wp-content\/uploads\/2020\/05\/pdf-icon-200x262.png 200w, https:\/\/www.pietrantica.it\/wp-content\/uploads\/2020\/05\/pdf-icon-229x300.png 229w, https:\/\/www.pietrantica.it\/wp-content\/uploads\/2020\/05\/pdf-icon.png 305w\" sizes=\"(max-width: 22px) 100vw, 22px\" \/><\/a><\/p>\n<p class=\"p1\">Datenblatt<\/p>\n","protected":false},"excerpt":{"rendered":"<p class=\"p1\">Unsere Thunfischkonserven werden nach traditioneller Methode aus kleinen Fischen hergestellt, im Dampf gegart und erst dann mit dem Messer zerteilt und in Gl\u00e4ser gef\u00fcllt. Zuletzt, um seinen guten und kr\u00e4ftigen Geschmack zu bewahren, wird das Glas mit Oliven\u00f6l aufgef\u00fcllt.<\/p>\n","protected":false},"featured_media":20274,"comment_status":"open","ping_status":"closed","template":"","meta":{"_monsterinsights_skip_tracking":false,"_monsterinsights_sitenote_active":false,"_monsterinsights_sitenote_note":"","_monsterinsights_sitenote_category":0},"_links":{"self":[{"href":"https:\/\/www.pietrantica.it\/de\/wp-json\/wp\/v2\/product\/20739"}],"collection":[{"href":"https:\/\/www.pietrantica.it\/de\/wp-json\/wp\/v2\/product"}],"about":[{"href":"https:\/\/www.pietrantica.it\/de\/wp-json\/wp\/v2\/types\/product"}],"replies":[{"embeddable":true,"href":"https:\/\/www.pietrantica.it\/de\/wp-json\/wp\/v2\/comments?post=20739"}],"wp:featuredmedia":[{"embeddable":true,"href":"https:\/\/www.pietrantica.it\/de\/wp-json\/wp\/v2\/media\/20274"}],"wp:attachment":[{"href":"https:\/\/www.pietrantica.it\/de\/wp-json\/wp\/v2\/media?parent=20739"}],"curies":[{"name":"wp","href":"https:\/\/api.w.org\/{rel}","templated":true}]}}