{"id":20734,"date":"2020-04-25T11:01:17","date_gmt":"2020-04-25T09:01:17","guid":{"rendered":"http:\/\/new.pietrantica.it\/prodotto\/tonno-e-fagioli\/"},"modified":"2020-08-20T16:37:03","modified_gmt":"2020-08-20T14:37:03","slug":"tonno-e-fagioli","status":"publish","type":"product","link":"https:\/\/www.pietrantica.it\/de\/Produkt\/tonno-e-fagioli\/","title":{"rendered":"Thunfisch mit weissen Bohnen (scharf)"},"content":{"rendered":"<p><a href=\"\/wp-content\/uploads\/2020\/05\/tonno-e-fagioli-200g.pdf\" target=\"\u201d_blank\u201d\" rel=\"noopener noreferrer\"><img loading=\"lazy\" class=\"wp-image-20286 alignleft\" src=\"https:\/\/www.pietrantica.it\/wp-content\/uploads\/2020\/05\/pdf-icon.png\" alt=\"\" width=\"22\" height=\"28\" srcset=\"https:\/\/www.pietrantica.it\/wp-content\/uploads\/2020\/05\/pdf-icon-200x262.png 200w, https:\/\/www.pietrantica.it\/wp-content\/uploads\/2020\/05\/pdf-icon-229x300.png 229w, https:\/\/www.pietrantica.it\/wp-content\/uploads\/2020\/05\/pdf-icon.png 305w\" sizes=\"(max-width: 22px) 100vw, 22px\" \/><\/a><\/p>\n<p class=\"p1\">Datenblatt<\/p>\n","protected":false},"excerpt":{"rendered":"<h3>200 gr.<\/h3>\n<p class=\"p1\">Unsere Thunfischkonserven werden nach traditioneller Methode aus kleinen Fischen hergestellt, im Dampf gegart und erst dann mit dem Messer zerteilt und in Gl\u00e4ser gef\u00fcllt. Zuletzt, um seinen guten und kr\u00e4ftigen Geschmack zu bewahren, wird das Glas mit Oliven\u00f6l aufgef\u00fcllt.<\/p>\n","protected":false},"featured_media":19990,"comment_status":"open","ping_status":"closed","template":"","meta":{"_monsterinsights_skip_tracking":false,"_monsterinsights_sitenote_active":false,"_monsterinsights_sitenote_note":"","_monsterinsights_sitenote_category":0},"_links":{"self":[{"href":"https:\/\/www.pietrantica.it\/de\/wp-json\/wp\/v2\/product\/20734"}],"collection":[{"href":"https:\/\/www.pietrantica.it\/de\/wp-json\/wp\/v2\/product"}],"about":[{"href":"https:\/\/www.pietrantica.it\/de\/wp-json\/wp\/v2\/types\/product"}],"replies":[{"embeddable":true,"href":"https:\/\/www.pietrantica.it\/de\/wp-json\/wp\/v2\/comments?post=20734"}],"wp:featuredmedia":[{"embeddable":true,"href":"https:\/\/www.pietrantica.it\/de\/wp-json\/wp\/v2\/media\/19990"}],"wp:attachment":[{"href":"https:\/\/www.pietrantica.it\/de\/wp-json\/wp\/v2\/media?parent=20734"}],"curies":[{"name":"wp","href":"https:\/\/api.w.org\/{rel}","templated":true}]}}