{"id":20722,"date":"2020-02-29T18:24:06","date_gmt":"2020-02-29T17:24:06","guid":{"rendered":"http:\/\/new.pietrantica.it\/prodotto\/shampoo-con-olio-extra-vergine-di-oliva\/"},"modified":"2020-08-20T17:11:03","modified_gmt":"2020-08-20T15:11:03","slug":"shampoo-con-olio-extra-vergine-di-oliva","status":"publish","type":"product","link":"https:\/\/www.pietrantica.it\/de\/Produkt\/shampoo-con-olio-extra-vergine-di-oliva\/","title":{"rendered":"Reichhaltiges shampoo"},"content":{"rendered":"<p>Dieses hochfeine Shampoo empfiehlt sich f\u00fcr h\u00e4ufiges Haarewaschen; vor allem Sportler haben es deshalb gerne in der Sporttasche dabei. Wesentliche Inhaltsstoffe: Gel\u00f6stes Oliven\u00f6l, hydrolysiertes Kollagen.<\/p>\n","protected":false},"excerpt":{"rendered":"<h3>200 ml<\/h3>\n<p class=\"p1\">profumazioni: lavanda, limone<\/p>\n","protected":false},"featured_media":20178,"comment_status":"open","ping_status":"closed","template":"","meta":{"_monsterinsights_skip_tracking":false,"_monsterinsights_sitenote_active":false,"_monsterinsights_sitenote_note":"","_monsterinsights_sitenote_category":0},"_links":{"self":[{"href":"https:\/\/www.pietrantica.it\/de\/wp-json\/wp\/v2\/product\/20722"}],"collection":[{"href":"https:\/\/www.pietrantica.it\/de\/wp-json\/wp\/v2\/product"}],"about":[{"href":"https:\/\/www.pietrantica.it\/de\/wp-json\/wp\/v2\/types\/product"}],"replies":[{"embeddable":true,"href":"https:\/\/www.pietrantica.it\/de\/wp-json\/wp\/v2\/comments?post=20722"}],"wp:featuredmedia":[{"embeddable":true,"href":"https:\/\/www.pietrantica.it\/de\/wp-json\/wp\/v2\/media\/20178"}],"wp:attachment":[{"href":"https:\/\/www.pietrantica.it\/de\/wp-json\/wp\/v2\/media?parent=20722"}],"curies":[{"name":"wp","href":"https:\/\/api.w.org\/{rel}","templated":true}]}}