{"id":20721,"date":"2020-02-29T18:22:32","date_gmt":"2020-02-29T17:22:32","guid":{"rendered":"http:\/\/new.pietrantica.it\/prodotto\/bagno-doccia-con-olio-extra-vergine-di-oliva\/"},"modified":"2021-03-16T11:23:35","modified_gmt":"2021-03-16T10:23:35","slug":"bagno-doccia-con-olio-extra-vergine-di-oliva","status":"publish","type":"product","link":"https:\/\/www.pietrantica.it\/de\/Produkt\/bagno-doccia-con-olio-extra-vergine-di-oliva\/","title":{"rendered":"Duschgel"},"content":{"rendered":"<p>Sanftes Duschgel, kann ebenso als kr\u00e4ftigendes und revitalisierendes Duschbad als auch f\u00fcr ein Erholungsbad in der Badewanne verwendet werden. F\u00fcr die ganze Familie geeignet.<\/p>\n<p>(klassisch \u2013 Lavendel \u2013 Mandeln \u2013 herbe Fr\u00fcchte \u2013 Gr\u00fcntee \u2013 Zitrone)<\/p>\n","protected":false},"excerpt":{"rendered":"<h3>250 ml<\/h3>\n<p class=\"p1\">D\u00fcfte: Lavendel, Mandel, bittere Fr\u00fcchte, Zitrone, neutral<\/p>\n","protected":false},"featured_media":20178,"comment_status":"open","ping_status":"closed","template":"","meta":{"_monsterinsights_skip_tracking":false,"_monsterinsights_sitenote_active":false,"_monsterinsights_sitenote_note":"","_monsterinsights_sitenote_category":0},"_links":{"self":[{"href":"https:\/\/www.pietrantica.it\/de\/wp-json\/wp\/v2\/product\/20721"}],"collection":[{"href":"https:\/\/www.pietrantica.it\/de\/wp-json\/wp\/v2\/product"}],"about":[{"href":"https:\/\/www.pietrantica.it\/de\/wp-json\/wp\/v2\/types\/product"}],"replies":[{"embeddable":true,"href":"https:\/\/www.pietrantica.it\/de\/wp-json\/wp\/v2\/comments?post=20721"}],"wp:featuredmedia":[{"embeddable":true,"href":"https:\/\/www.pietrantica.it\/de\/wp-json\/wp\/v2\/media\/20178"}],"wp:attachment":[{"href":"https:\/\/www.pietrantica.it\/de\/wp-json\/wp\/v2\/media?parent=20721"}],"curies":[{"name":"wp","href":"https:\/\/api.w.org\/{rel}","templated":true}]}}