{"id":20720,"date":"2020-02-29T18:21:28","date_gmt":"2020-02-29T17:21:28","guid":{"rendered":"http:\/\/new.pietrantica.it\/prodotto\/saponetta-allolio-extra-vergine-di-oliva-con-incarto\/"},"modified":"2020-08-20T17:13:18","modified_gmt":"2020-08-20T15:13:18","slug":"saponetta-allolio-extra-vergine-di-oliva-con-incarto","status":"publish","type":"product","link":"https:\/\/www.pietrantica.it\/de\/Produkt\/saponetta-allolio-extra-vergine-di-oliva-con-incarto\/","title":{"rendered":"Seifen auf pflanzlicher basis mit Oliven\u00f6l"},"content":{"rendered":"<p>Dank der sorgf\u00e4ltig ausgew\u00e4hlten Inhaltsstoffe entfalten sie eine sanfte und angenehme Wirkung und sorgen f\u00fcr eine weiche und fein duftende Haut.<\/p>\n<p>Sie werden fachm\u00e4nnisch nach uralten Rezepturen hergestellt und sind f\u00fcr die ganze Familie geeignet. Wesentliche Inhaltsstoffe: Natives Oliven\u00f6l extra, S\u00fc\u00dfmandel\u00f6l, Lezithin-\u00d6l.<\/p>\n<p>Lavendel \u2013 Mandel \u2013 Zitrone\/Verbene \u2013 Orange\/Zimt \u2013 Sandelholz \u2013 Moss \u2013 Gr\u00fcntee.<\/p>\n","protected":false},"excerpt":{"rendered":"<h3>25 gr<\/h3>\n","protected":false},"featured_media":20174,"comment_status":"open","ping_status":"closed","template":"","meta":{"_monsterinsights_skip_tracking":false,"_monsterinsights_sitenote_active":false,"_monsterinsights_sitenote_note":"","_monsterinsights_sitenote_category":0},"_links":{"self":[{"href":"https:\/\/www.pietrantica.it\/de\/wp-json\/wp\/v2\/product\/20720"}],"collection":[{"href":"https:\/\/www.pietrantica.it\/de\/wp-json\/wp\/v2\/product"}],"about":[{"href":"https:\/\/www.pietrantica.it\/de\/wp-json\/wp\/v2\/types\/product"}],"replies":[{"embeddable":true,"href":"https:\/\/www.pietrantica.it\/de\/wp-json\/wp\/v2\/comments?post=20720"}],"wp:featuredmedia":[{"embeddable":true,"href":"https:\/\/www.pietrantica.it\/de\/wp-json\/wp\/v2\/media\/20174"}],"wp:attachment":[{"href":"https:\/\/www.pietrantica.it\/de\/wp-json\/wp\/v2\/media?parent=20720"}],"curies":[{"name":"wp","href":"https:\/\/api.w.org\/{rel}","templated":true}]}}