{"id":20716,"date":"2020-02-29T18:17:00","date_gmt":"2020-02-29T17:17:00","guid":{"rendered":"http:\/\/new.pietrantica.it\/prodotto\/crema-piedi\/"},"modified":"2020-08-20T17:05:16","modified_gmt":"2020-08-20T15:05:16","slug":"crema-piedi","status":"publish","type":"product","link":"https:\/\/www.pietrantica.it\/de\/Produkt\/crema-piedi\/","title":{"rendered":"Fusscreme"},"content":{"rendered":"<p>Angenehme und zarte Creme mit spezieller Formel zumal f\u00fcr m\u00fcde F\u00fc\u00dfe, deren Haut Feuchtigkeit ben\u00f6tigt. Entspannend und erholend, feuchtigkeitsspendend; f\u00f6rdert dank beigemischter funktioneller Substanzen die Zellregeneration. Sehr gut auch als reichhaltige Fu\u00dfmassagecreme geeignet. Wesentliche Inhaltsstoffe: Natives Oliven\u00f6l extra, Thymianextrakt, pflanzliches Glyzerin.<\/p>\n","protected":false},"excerpt":{"rendered":"<p>Angenehme und zarte Creme mit spezieller Formel zumal f\u00fcr m\u00fcde [&hellip;]<\/p>\n","protected":false},"featured_media":20164,"comment_status":"open","ping_status":"closed","template":"","meta":{"_monsterinsights_skip_tracking":false,"_monsterinsights_sitenote_active":false,"_monsterinsights_sitenote_note":"","_monsterinsights_sitenote_category":0},"_links":{"self":[{"href":"https:\/\/www.pietrantica.it\/de\/wp-json\/wp\/v2\/product\/20716"}],"collection":[{"href":"https:\/\/www.pietrantica.it\/de\/wp-json\/wp\/v2\/product"}],"about":[{"href":"https:\/\/www.pietrantica.it\/de\/wp-json\/wp\/v2\/types\/product"}],"replies":[{"embeddable":true,"href":"https:\/\/www.pietrantica.it\/de\/wp-json\/wp\/v2\/comments?post=20716"}],"wp:featuredmedia":[{"embeddable":true,"href":"https:\/\/www.pietrantica.it\/de\/wp-json\/wp\/v2\/media\/20164"}],"wp:attachment":[{"href":"https:\/\/www.pietrantica.it\/de\/wp-json\/wp\/v2\/media?parent=20716"}],"curies":[{"name":"wp","href":"https:\/\/api.w.org\/{rel}","templated":true}]}}