{"id":20715,"date":"2020-02-29T18:15:26","date_gmt":"2020-02-29T17:15:26","guid":{"rendered":"http:\/\/new.pietrantica.it\/prodotto\/crema-protettiva-100-ml\/"},"modified":"2020-08-20T17:13:54","modified_gmt":"2020-08-20T15:13:54","slug":"crema-protettiva-100-ml","status":"publish","type":"product","link":"https:\/\/www.pietrantica.it\/de\/Produkt\/crema-protettiva-100-ml\/","title":{"rendered":"Sch\u00fctzende creme"},"content":{"rendered":"<p>Weich und angenehm, unentbehrlich bei rissiger Haut, bei leichten Verbrennungen und Absch\u00fcrfungen auf der Hautoberfl\u00e4che. Wesentliche Bestandteile: Natives Oliven\u00f6l extra, Johanniskrautextrakt, Calendulaextrakt, Allantoin, Bienenwachs.<\/p>\n","protected":false},"excerpt":{"rendered":"<h3>100 ml<\/h3>\n","protected":false},"featured_media":20155,"comment_status":"open","ping_status":"closed","template":"","meta":{"_monsterinsights_skip_tracking":false,"_monsterinsights_sitenote_active":false,"_monsterinsights_sitenote_note":"","_monsterinsights_sitenote_category":0},"_links":{"self":[{"href":"https:\/\/www.pietrantica.it\/de\/wp-json\/wp\/v2\/product\/20715"}],"collection":[{"href":"https:\/\/www.pietrantica.it\/de\/wp-json\/wp\/v2\/product"}],"about":[{"href":"https:\/\/www.pietrantica.it\/de\/wp-json\/wp\/v2\/types\/product"}],"replies":[{"embeddable":true,"href":"https:\/\/www.pietrantica.it\/de\/wp-json\/wp\/v2\/comments?post=20715"}],"wp:featuredmedia":[{"embeddable":true,"href":"https:\/\/www.pietrantica.it\/de\/wp-json\/wp\/v2\/media\/20155"}],"wp:attachment":[{"href":"https:\/\/www.pietrantica.it\/de\/wp-json\/wp\/v2\/media?parent=20715"}],"curies":[{"name":"wp","href":"https:\/\/api.w.org\/{rel}","templated":true}]}}