{"id":20713,"date":"2020-02-29T18:15:20","date_gmt":"2020-02-29T17:15:20","guid":{"rendered":"http:\/\/new.pietrantica.it\/prodotto\/crema-corpo-idratante-200-ml\/"},"modified":"2020-08-20T17:01:18","modified_gmt":"2020-08-20T15:01:18","slug":"crema-corpo-idratante-200-ml","status":"publish","type":"product","link":"https:\/\/www.pietrantica.it\/de\/Produkt\/crema-corpo-idratante-200-ml\/","title":{"rendered":"Feuchtigkeitscreme f\u00fcr den K\u00f6rper"},"content":{"rendered":"<p>Diese Emulsion macht die Haut weich und geschmeidig. Sie fettet nicht und f\u00fchlt sich auf der Haut \u00e4u\u00dferst angenehm an. Wesentliche Inhaltsstoffe: Natives Oliven\u00f6l extra, S\u00fc\u00dfmandel\u00f6l, feuchtigkeitsspendender Faktor f\u00fcr die Haut.<\/p>\n","protected":false},"excerpt":{"rendered":"<h3>200 ml<\/h3>\n","protected":false},"featured_media":20155,"comment_status":"open","ping_status":"closed","template":"","meta":{"_monsterinsights_skip_tracking":false,"_monsterinsights_sitenote_active":false,"_monsterinsights_sitenote_note":"","_monsterinsights_sitenote_category":0},"_links":{"self":[{"href":"https:\/\/www.pietrantica.it\/de\/wp-json\/wp\/v2\/product\/20713"}],"collection":[{"href":"https:\/\/www.pietrantica.it\/de\/wp-json\/wp\/v2\/product"}],"about":[{"href":"https:\/\/www.pietrantica.it\/de\/wp-json\/wp\/v2\/types\/product"}],"replies":[{"embeddable":true,"href":"https:\/\/www.pietrantica.it\/de\/wp-json\/wp\/v2\/comments?post=20713"}],"wp:featuredmedia":[{"embeddable":true,"href":"https:\/\/www.pietrantica.it\/de\/wp-json\/wp\/v2\/media\/20155"}],"wp:attachment":[{"href":"https:\/\/www.pietrantica.it\/de\/wp-json\/wp\/v2\/media?parent=20713"}],"curies":[{"name":"wp","href":"https:\/\/api.w.org\/{rel}","templated":true}]}}