{"id":20712,"date":"2020-04-25T12:53:37","date_gmt":"2020-04-25T10:53:37","guid":{"rendered":"http:\/\/new.pietrantica.it\/prodotto\/sapone-2\/"},"modified":"2021-06-01T16:00:02","modified_gmt":"2021-06-01T14:00:02","slug":"sapone-2","status":"publish","type":"product","link":"https:\/\/www.pietrantica.it\/de\/Produkt\/sapone-2\/","title":{"rendered":"N\u00e4hrende creme"},"content":{"rendered":"<p class=\"p1\">Sie f\u00fchlt sich wunderbar zart und weich an und besitzt beachtliche hautregulierende und entz\u00fcndungshemmende Eigenschafen. Wesentliche Inhaltsstoffe: Natives Oliven\u00f6l extra, Bienenwachs, Karit\u00e9butter, Weizenkeim\u00f6l.<\/p>\n","protected":false},"excerpt":{"rendered":"<h3>120 ml<\/h3>\n","protected":false},"featured_media":20148,"comment_status":"open","ping_status":"closed","template":"","meta":{"_monsterinsights_skip_tracking":false,"_monsterinsights_sitenote_active":false,"_monsterinsights_sitenote_note":"","_monsterinsights_sitenote_category":0},"_links":{"self":[{"href":"https:\/\/www.pietrantica.it\/de\/wp-json\/wp\/v2\/product\/20712"}],"collection":[{"href":"https:\/\/www.pietrantica.it\/de\/wp-json\/wp\/v2\/product"}],"about":[{"href":"https:\/\/www.pietrantica.it\/de\/wp-json\/wp\/v2\/types\/product"}],"replies":[{"embeddable":true,"href":"https:\/\/www.pietrantica.it\/de\/wp-json\/wp\/v2\/comments?post=20712"}],"wp:featuredmedia":[{"embeddable":true,"href":"https:\/\/www.pietrantica.it\/de\/wp-json\/wp\/v2\/media\/20148"}],"wp:attachment":[{"href":"https:\/\/www.pietrantica.it\/de\/wp-json\/wp\/v2\/media?parent=20712"}],"curies":[{"name":"wp","href":"https:\/\/api.w.org\/{rel}","templated":true}]}}